{"id":769,"date":"2024-07-01T21:18:51","date_gmt":"2024-07-01T19:18:51","guid":{"rendered":"https:\/\/letsfuture.pl\/?post_type=product&#038;p=769"},"modified":"2024-07-01T21:20:17","modified_gmt":"2024-07-01T19:20:17","slug":"34-talents-gallup-assessment","status":"publish","type":"product","link":"https:\/\/letsfuture.pl\/en\/produkt\/34-talents-gallup-assessment\/","title":{"rendered":"34 Talents: Gallup assessment \u00ae"},"content":{"rendered":"","protected":false},"excerpt":{"rendered":"<p><span style=\"font-size: 90%;\"><strong>Ka\u017cdy ma okre\u015blony zestaw naturalnych talent\u00f3w i predyspozycji.<\/strong> Talenty doskonalone, z kt\u00f3rych korzystamy \u015bwiadomie, mog\u0105 sta\u0107 si\u0119 naszym najwi\u0119kszym \u017ar\u00f3d\u0142em spe\u0142nienia &#8211; stajemy si\u0119 bardziej pewni siebie, lepiej rozumiemy siebie, poprawia si\u0119 nasza komunikacja i mamy wi\u0119ksze szanse na osi\u0105gni\u0119cie naszych cel\u00f3w.Instytut bada\u0144 Gallupa okre\u015bli\u0142 34 talenty.<\/span><\/p>\n<p><span style=\"font-size: 90%;\">W pe\u0142nym badaniu 34 talent\u00f3w CliftonStrengths\u00ae, otrzymasz informacj\u0119 wszystkich opisuj\u0105cych ciebie talentach. Stanowi\u0105 one Tw\u00f3j najwi\u0119kszy potencja\u0142 i obszary do rozwoju mocnych stron.<\/span><\/p>\n<p><span style=\"font-size: 90%;\">Otrzymasz:<\/span><\/p>\n<ul>\n<li aria-level=\"1\"><span style=\"font-size: 90%;\">Zaproszenie z linkiem do testu CliftonStrengths\u00ae(test jest dost\u0119pny w j. polskim).<\/span><\/li>\n<li aria-level=\"1\"><span style=\"font-size: 90%;\">Informacj\u0119 jak wype\u0142ni\u0107 test.<\/span><\/li>\n<li aria-level=\"1\"><span style=\"font-size: 90%;\">List\u0119 Twoich talent\u00f3w.<\/span><\/li>\n<li aria-level=\"1\"><span style=\"font-size: 90%;\">Pe\u0142ny, dedykowany raport 34 Talenty Gallupa (w j. angielskim).<\/span><\/li>\n<li aria-level=\"1\"><span style=\"font-size: 90%;\">Informacje o tym jakie mog\u0105 by\u0107 Twoje mocne strony i ograniczeniem w r\u00f3\u017cnych. aspektach Twojego \u017cycia np. Komunikacja, podejmowanie decyzji, praca w zespole.<\/span><\/li>\n<li aria-level=\"1\"><span style=\"font-size: 90%;\">30 min. zdalne spotkanie podsumowuj\u0105ce talenty i co dalej.<\/span><\/li>\n<\/ul>\n<p><span style=\"font-size: 90%;\">Masz wi\u0119cej pyta\u0144 &gt; um\u00f3w si\u0119 na bezp\u0142atn\u0105 konsultacj\u0119<\/span><\/p>\n<p><span style=\"font-size: 90%;\"><i>Przeczytaj jak pracujemy w procesach coachingowych<\/i><\/span><\/p>\n","protected":false},"featured_media":714,"template":"","meta":[],"product_brand":[],"product_cat":[63],"product_tag":[],"class_list":{"0":"post-769","1":"product","2":"type-product","3":"status-publish","4":"has-post-thumbnail","6":"product_cat-coaching-en","8":"first","9":"instock","10":"virtual","11":"purchasable","12":"product-type-simple"},"yoast_head":"<!-- This site is optimized with the Yoast SEO plugin v27.4 - https:\/\/yoast.com\/product\/yoast-seo-wordpress\/ -->\n<title>34 Talents: Gallup assessment \u00ae - Letsfuture<\/title>\n<meta name=\"robots\" content=\"index, follow, max-snippet:-1, max-image-preview:large, max-video-preview:-1\" \/>\n<link rel=\"canonical\" href=\"https:\/\/letsfuture.pl\/en\/produkt\/34-talents-gallup-assessment\/\" \/>\n<meta property=\"og:locale\" content=\"en_US\" \/>\n<meta property=\"og:type\" content=\"article\" \/>\n<meta property=\"og:title\" content=\"34 Talents: Gallup assessment \u00ae - Letsfuture\" \/>\n<meta property=\"og:description\" content=\"Ka\u017cdy ma okre\u015blony zestaw naturalnych talent\u00f3w i predyspozycji. Talenty doskonalone, z kt\u00f3rych korzystamy \u015bwiadomie, mog\u0105 sta\u0107 si\u0119 naszym najwi\u0119kszym \u017ar\u00f3d\u0142em spe\u0142nienia - stajemy si\u0119 bardziej pewni siebie, lepiej rozumiemy siebie, poprawia si\u0119 nasza komunikacja i mamy wi\u0119ksze szanse na osi\u0105gni\u0119cie naszych cel\u00f3w.Instytut bada\u0144 Gallupa okre\u015bli\u0142 34 talenty.  W pe\u0142nym badaniu 34 talent\u00f3w CliftonStrengths\u00ae, otrzymasz informacj\u0119 wszystkich opisuj\u0105cych ciebie talentach. Stanowi\u0105 one Tw\u00f3j najwi\u0119kszy potencja\u0142 i obszary do rozwoju mocnych stron.  Otrzymasz:   Zaproszenie z linkiem do testu CliftonStrengths\u00ae(test jest dost\u0119pny w j. polskim).  Informacj\u0119 jak wype\u0142ni\u0107 test.  List\u0119 Twoich talent\u00f3w.  Pe\u0142ny, dedykowany raport 34 Talenty Gallupa (w j. angielskim).  Informacje o tym jakie mog\u0105 by\u0107 Twoje mocne strony i ograniczeniem w r\u00f3\u017cnych. aspektach Twojego \u017cycia np. Komunikacja, podejmowanie decyzji, praca w zespole.  30 min. zdalne spotkanie podsumowuj\u0105ce talenty i co dalej.  Masz wi\u0119cej pyta\u0144 &gt; um\u00f3w si\u0119 na bezp\u0142atn\u0105 konsultacj\u0119  Przeczytaj jak pracujemy w procesach coachingowych\" \/>\n<meta property=\"og:url\" content=\"https:\/\/letsfuture.pl\/en\/produkt\/34-talents-gallup-assessment\/\" \/>\n<meta property=\"og:site_name\" content=\"Letsfuture\" \/>\n<meta property=\"article:modified_time\" content=\"2024-07-01T19:20:17+00:00\" \/>\n<meta property=\"og:image\" content=\"http:\/\/letsfuture.pl\/wp-content\/uploads\/2024\/04\/34-Talents.png\" \/>\n\t<meta property=\"og:image:width\" content=\"1080\" \/>\n\t<meta property=\"og:image:height\" content=\"1080\" \/>\n\t<meta property=\"og:image:type\" content=\"image\/png\" \/>\n<meta name=\"twitter:card\" content=\"summary_large_image\" \/>\n<meta name=\"twitter:label1\" content=\"Est. reading time\" \/>\n\t<meta name=\"twitter:data1\" content=\"1 minute\" \/>\n<script type=\"application\/ld+json\" class=\"yoast-schema-graph\">{\"@context\":\"https:\\\/\\\/schema.org\",\"@graph\":[{\"@type\":\"WebPage\",\"@id\":\"https:\\\/\\\/letsfuture.pl\\\/en\\\/produkt\\\/34-talents-gallup-assessment\\\/\",\"url\":\"https:\\\/\\\/letsfuture.pl\\\/en\\\/produkt\\\/34-talents-gallup-assessment\\\/\",\"name\":\"34 Talents: Gallup assessment \u00ae - Letsfuture\",\"isPartOf\":{\"@id\":\"https:\\\/\\\/letsfuture.pl\\\/#website\"},\"primaryImageOfPage\":{\"@id\":\"https:\\\/\\\/letsfuture.pl\\\/en\\\/produkt\\\/34-talents-gallup-assessment\\\/#primaryimage\"},\"image\":{\"@id\":\"https:\\\/\\\/letsfuture.pl\\\/en\\\/produkt\\\/34-talents-gallup-assessment\\\/#primaryimage\"},\"thumbnailUrl\":\"https:\\\/\\\/letsfuture.pl\\\/wp-content\\\/uploads\\\/2024\\\/04\\\/34-Talents.png\",\"datePublished\":\"2024-07-01T19:18:51+00:00\",\"dateModified\":\"2024-07-01T19:20:17+00:00\",\"breadcrumb\":{\"@id\":\"https:\\\/\\\/letsfuture.pl\\\/en\\\/produkt\\\/34-talents-gallup-assessment\\\/#breadcrumb\"},\"inLanguage\":\"en-US\",\"potentialAction\":[{\"@type\":\"ReadAction\",\"target\":[\"https:\\\/\\\/letsfuture.pl\\\/en\\\/produkt\\\/34-talents-gallup-assessment\\\/\"]}]},{\"@type\":\"ImageObject\",\"inLanguage\":\"en-US\",\"@id\":\"https:\\\/\\\/letsfuture.pl\\\/en\\\/produkt\\\/34-talents-gallup-assessment\\\/#primaryimage\",\"url\":\"https:\\\/\\\/letsfuture.pl\\\/wp-content\\\/uploads\\\/2024\\\/04\\\/34-Talents.png\",\"contentUrl\":\"https:\\\/\\\/letsfuture.pl\\\/wp-content\\\/uploads\\\/2024\\\/04\\\/34-Talents.png\",\"width\":1080,\"height\":1080},{\"@type\":\"BreadcrumbList\",\"@id\":\"https:\\\/\\\/letsfuture.pl\\\/en\\\/produkt\\\/34-talents-gallup-assessment\\\/#breadcrumb\",\"itemListElement\":[{\"@type\":\"ListItem\",\"position\":1,\"name\":\"Home\",\"item\":\"https:\\\/\\\/letsfuture.pl\\\/en\\\/\"},{\"@type\":\"ListItem\",\"position\":2,\"name\":\"Shop\",\"item\":\"https:\\\/\\\/letsfuture.pl\\\/en\\\/shop\\\/\"},{\"@type\":\"ListItem\",\"position\":3,\"name\":\"34 Talents: Gallup assessment \u00ae\"}]},{\"@type\":\"WebSite\",\"@id\":\"https:\\\/\\\/letsfuture.pl\\\/#website\",\"url\":\"https:\\\/\\\/letsfuture.pl\\\/\",\"name\":\"Letsfuture\",\"description\":\"Empower your future\",\"potentialAction\":[{\"@type\":\"SearchAction\",\"target\":{\"@type\":\"EntryPoint\",\"urlTemplate\":\"https:\\\/\\\/letsfuture.pl\\\/?s={search_term_string}\"},\"query-input\":{\"@type\":\"PropertyValueSpecification\",\"valueRequired\":true,\"valueName\":\"search_term_string\"}}],\"inLanguage\":\"en-US\"}]}<\/script>\n<!-- \/ Yoast SEO plugin. -->","yoast_head_json":{"title":"34 Talents: Gallup assessment \u00ae - Letsfuture","robots":{"index":"index","follow":"follow","max-snippet":"max-snippet:-1","max-image-preview":"max-image-preview:large","max-video-preview":"max-video-preview:-1"},"canonical":"https:\/\/letsfuture.pl\/en\/produkt\/34-talents-gallup-assessment\/","og_locale":"en_US","og_type":"article","og_title":"34 Talents: Gallup assessment \u00ae - Letsfuture","og_description":"Ka\u017cdy ma okre\u015blony zestaw naturalnych talent\u00f3w i predyspozycji. Talenty doskonalone, z kt\u00f3rych korzystamy \u015bwiadomie, mog\u0105 sta\u0107 si\u0119 naszym najwi\u0119kszym \u017ar\u00f3d\u0142em spe\u0142nienia - stajemy si\u0119 bardziej pewni siebie, lepiej rozumiemy siebie, poprawia si\u0119 nasza komunikacja i mamy wi\u0119ksze szanse na osi\u0105gni\u0119cie naszych cel\u00f3w.Instytut bada\u0144 Gallupa okre\u015bli\u0142 34 talenty.  W pe\u0142nym badaniu 34 talent\u00f3w CliftonStrengths\u00ae, otrzymasz informacj\u0119 wszystkich opisuj\u0105cych ciebie talentach. Stanowi\u0105 one Tw\u00f3j najwi\u0119kszy potencja\u0142 i obszary do rozwoju mocnych stron.  Otrzymasz:   Zaproszenie z linkiem do testu CliftonStrengths\u00ae(test jest dost\u0119pny w j. polskim).  Informacj\u0119 jak wype\u0142ni\u0107 test.  List\u0119 Twoich talent\u00f3w.  Pe\u0142ny, dedykowany raport 34 Talenty Gallupa (w j. angielskim).  Informacje o tym jakie mog\u0105 by\u0107 Twoje mocne strony i ograniczeniem w r\u00f3\u017cnych. aspektach Twojego \u017cycia np. Komunikacja, podejmowanie decyzji, praca w zespole.  30 min. zdalne spotkanie podsumowuj\u0105ce talenty i co dalej.  Masz wi\u0119cej pyta\u0144 &gt; um\u00f3w si\u0119 na bezp\u0142atn\u0105 konsultacj\u0119  Przeczytaj jak pracujemy w procesach coachingowych","og_url":"https:\/\/letsfuture.pl\/en\/produkt\/34-talents-gallup-assessment\/","og_site_name":"Letsfuture","article_modified_time":"2024-07-01T19:20:17+00:00","og_image":[{"width":1080,"height":1080,"url":"http:\/\/letsfuture.pl\/wp-content\/uploads\/2024\/04\/34-Talents.png","type":"image\/png"}],"twitter_card":"summary_large_image","twitter_misc":{"Est. reading time":"1 minute"},"schema":{"@context":"https:\/\/schema.org","@graph":[{"@type":"WebPage","@id":"https:\/\/letsfuture.pl\/en\/produkt\/34-talents-gallup-assessment\/","url":"https:\/\/letsfuture.pl\/en\/produkt\/34-talents-gallup-assessment\/","name":"34 Talents: Gallup assessment \u00ae - Letsfuture","isPartOf":{"@id":"https:\/\/letsfuture.pl\/#website"},"primaryImageOfPage":{"@id":"https:\/\/letsfuture.pl\/en\/produkt\/34-talents-gallup-assessment\/#primaryimage"},"image":{"@id":"https:\/\/letsfuture.pl\/en\/produkt\/34-talents-gallup-assessment\/#primaryimage"},"thumbnailUrl":"https:\/\/letsfuture.pl\/wp-content\/uploads\/2024\/04\/34-Talents.png","datePublished":"2024-07-01T19:18:51+00:00","dateModified":"2024-07-01T19:20:17+00:00","breadcrumb":{"@id":"https:\/\/letsfuture.pl\/en\/produkt\/34-talents-gallup-assessment\/#breadcrumb"},"inLanguage":"en-US","potentialAction":[{"@type":"ReadAction","target":["https:\/\/letsfuture.pl\/en\/produkt\/34-talents-gallup-assessment\/"]}]},{"@type":"ImageObject","inLanguage":"en-US","@id":"https:\/\/letsfuture.pl\/en\/produkt\/34-talents-gallup-assessment\/#primaryimage","url":"https:\/\/letsfuture.pl\/wp-content\/uploads\/2024\/04\/34-Talents.png","contentUrl":"https:\/\/letsfuture.pl\/wp-content\/uploads\/2024\/04\/34-Talents.png","width":1080,"height":1080},{"@type":"BreadcrumbList","@id":"https:\/\/letsfuture.pl\/en\/produkt\/34-talents-gallup-assessment\/#breadcrumb","itemListElement":[{"@type":"ListItem","position":1,"name":"Home","item":"https:\/\/letsfuture.pl\/en\/"},{"@type":"ListItem","position":2,"name":"Shop","item":"https:\/\/letsfuture.pl\/en\/shop\/"},{"@type":"ListItem","position":3,"name":"34 Talents: Gallup assessment \u00ae"}]},{"@type":"WebSite","@id":"https:\/\/letsfuture.pl\/#website","url":"https:\/\/letsfuture.pl\/","name":"Letsfuture","description":"Empower your future","potentialAction":[{"@type":"SearchAction","target":{"@type":"EntryPoint","urlTemplate":"https:\/\/letsfuture.pl\/?s={search_term_string}"},"query-input":{"@type":"PropertyValueSpecification","valueRequired":true,"valueName":"search_term_string"}}],"inLanguage":"en-US"}]}},"_links":{"self":[{"href":"https:\/\/letsfuture.pl\/en\/wp-json\/wp\/v2\/product\/769","targetHints":{"allow":["GET"]}}],"collection":[{"href":"https:\/\/letsfuture.pl\/en\/wp-json\/wp\/v2\/product"}],"about":[{"href":"https:\/\/letsfuture.pl\/en\/wp-json\/wp\/v2\/types\/product"}],"wp:featuredmedia":[{"embeddable":true,"href":"https:\/\/letsfuture.pl\/en\/wp-json\/wp\/v2\/media\/714"}],"wp:attachment":[{"href":"https:\/\/letsfuture.pl\/en\/wp-json\/wp\/v2\/media?parent=769"}],"wp:term":[{"taxonomy":"product_brand","embeddable":true,"href":"https:\/\/letsfuture.pl\/en\/wp-json\/wp\/v2\/product_brand?post=769"},{"taxonomy":"product_cat","embeddable":true,"href":"https:\/\/letsfuture.pl\/en\/wp-json\/wp\/v2\/product_cat?post=769"},{"taxonomy":"product_tag","embeddable":true,"href":"https:\/\/letsfuture.pl\/en\/wp-json\/wp\/v2\/product_tag?post=769"}],"curies":[{"name":"wp","href":"https:\/\/api.w.org\/{rel}","templated":true}]}}