{"id":761,"date":"2024-07-01T21:13:24","date_gmt":"2024-07-01T19:13:24","guid":{"rendered":"https:\/\/letsfuture.pl\/?post_type=product&#038;p=761"},"modified":"2024-07-01T21:13:24","modified_gmt":"2024-07-01T19:13:24","slug":"executive-coaching","status":"publish","type":"product","link":"https:\/\/letsfuture.pl\/en\/produkt\/executive-coaching\/","title":{"rendered":"Executive Coaching"},"content":{"rendered":"","protected":false},"excerpt":{"rendered":"<p><span style=\"font-size: 90%;\"><b>Wsp\u00f3\u0142pracujesz z coachem, kt\u00f3ry ma do\u015bwiadczenie na stanowiskach C-Level, b\u0119dzie Twoim zaufanym partnerem, do rozmowy o sprawach, kt\u00f3rych nie mo\u017cesz om\u00f3wi\u0107 z innymi.<\/b><\/span><\/p>\n<p><span style=\"font-size: 90%;\">Pracujemy w obszarze zarz\u0105dzania strategicznego, odpowiedzialno\u015bci i presji w podejmowaniu trudnych decyzji, zmiany w organizacji, komunikacji interpersonalnej, komunikacji w zespole, budowania realizacji. Podejmujemy tematy transformacji cyfrowej i rozwoju sztucznej inteligencji oraz budowania kompetencji w tym obszarze . Cz\u0119sto rozmawiamy o tematach worklife balance, presji, d\u0142ugotrwa\u0142ym funkcjonowaniu w stresie.<\/span><\/p>\n<p><span style=\"font-size: 90%;\">Um\u00f3w si\u0119 na bezp\u0142atn\u0105 konsultacj\u0119 Ewa Drozd<\/span><\/p>\n<p><span style=\"font-size: 90%;\"><i>Przeczytaj jak pracujemy w procesach coachingowych<\/i><\/span><\/p>\n","protected":false},"featured_media":712,"template":"","meta":[],"product_brand":[],"product_cat":[63],"product_tag":[66,82,67],"class_list":{"0":"post-761","1":"product","2":"type-product","3":"status-publish","4":"has-post-thumbnail","6":"product_cat-coaching-en","7":"product_tag-coaching-en","8":"product_tag-coaching-for-managers","9":"product_tag-executive-coaching-en","11":"first","12":"instock","13":"virtual","14":"product-type-simple"},"yoast_head":"<!-- This site is optimized with the Yoast SEO plugin v27.5 - https:\/\/yoast.com\/product\/yoast-seo-wordpress\/ -->\n<title>Executive Coaching - Letsfuture<\/title>\n<meta name=\"robots\" content=\"index, follow, max-snippet:-1, max-image-preview:large, max-video-preview:-1\" \/>\n<link rel=\"canonical\" href=\"https:\/\/letsfuture.pl\/en\/produkt\/executive-coaching\/\" \/>\n<meta property=\"og:locale\" content=\"en_US\" \/>\n<meta property=\"og:type\" content=\"article\" \/>\n<meta property=\"og:title\" content=\"Executive Coaching - Letsfuture\" \/>\n<meta property=\"og:description\" content=\"Wsp\u00f3\u0142pracujesz z coachem, kt\u00f3ry ma do\u015bwiadczenie na stanowiskach C-Level, b\u0119dzie Twoim zaufanym partnerem, do rozmowy o sprawach, kt\u00f3rych nie mo\u017cesz om\u00f3wi\u0107 z innymi.  Pracujemy w obszarze zarz\u0105dzania strategicznego, odpowiedzialno\u015bci i presji w podejmowaniu trudnych decyzji, zmiany w organizacji, komunikacji interpersonalnej, komunikacji w zespole, budowania realizacji. Podejmujemy tematy transformacji cyfrowej i rozwoju sztucznej inteligencji oraz budowania kompetencji w tym obszarze . Cz\u0119sto rozmawiamy o tematach worklife balance, presji, d\u0142ugotrwa\u0142ym funkcjonowaniu w stresie.  Um\u00f3w si\u0119 na bezp\u0142atn\u0105 konsultacj\u0119 Ewa Drozd  Przeczytaj jak pracujemy w procesach coachingowych\" \/>\n<meta property=\"og:url\" content=\"https:\/\/letsfuture.pl\/en\/produkt\/executive-coaching\/\" \/>\n<meta property=\"og:site_name\" content=\"Letsfuture\" \/>\n<meta property=\"og:image\" content=\"http:\/\/letsfuture.pl\/wp-content\/uploads\/2024\/04\/Coaching-for-Executives.png\" \/>\n\t<meta property=\"og:image:width\" content=\"1080\" \/>\n\t<meta property=\"og:image:height\" content=\"1080\" \/>\n\t<meta property=\"og:image:type\" content=\"image\/png\" \/>\n<meta name=\"twitter:card\" content=\"summary_large_image\" \/>\n<meta name=\"twitter:label1\" content=\"Est. reading time\" \/>\n\t<meta name=\"twitter:data1\" content=\"1 minute\" \/>\n<script type=\"application\/ld+json\" class=\"yoast-schema-graph\">{\"@context\":\"https:\\\/\\\/schema.org\",\"@graph\":[{\"@type\":\"WebPage\",\"@id\":\"https:\\\/\\\/letsfuture.pl\\\/en\\\/produkt\\\/executive-coaching\\\/\",\"url\":\"https:\\\/\\\/letsfuture.pl\\\/en\\\/produkt\\\/executive-coaching\\\/\",\"name\":\"Executive Coaching - Letsfuture\",\"isPartOf\":{\"@id\":\"https:\\\/\\\/letsfuture.pl\\\/#website\"},\"primaryImageOfPage\":{\"@id\":\"https:\\\/\\\/letsfuture.pl\\\/en\\\/produkt\\\/executive-coaching\\\/#primaryimage\"},\"image\":{\"@id\":\"https:\\\/\\\/letsfuture.pl\\\/en\\\/produkt\\\/executive-coaching\\\/#primaryimage\"},\"thumbnailUrl\":\"https:\\\/\\\/letsfuture.pl\\\/wp-content\\\/uploads\\\/2024\\\/04\\\/Coaching-for-Executives.png\",\"datePublished\":\"2024-07-01T19:13:24+00:00\",\"breadcrumb\":{\"@id\":\"https:\\\/\\\/letsfuture.pl\\\/en\\\/produkt\\\/executive-coaching\\\/#breadcrumb\"},\"inLanguage\":\"en-US\",\"potentialAction\":[{\"@type\":\"ReadAction\",\"target\":[\"https:\\\/\\\/letsfuture.pl\\\/en\\\/produkt\\\/executive-coaching\\\/\"]}]},{\"@type\":\"ImageObject\",\"inLanguage\":\"en-US\",\"@id\":\"https:\\\/\\\/letsfuture.pl\\\/en\\\/produkt\\\/executive-coaching\\\/#primaryimage\",\"url\":\"https:\\\/\\\/letsfuture.pl\\\/wp-content\\\/uploads\\\/2024\\\/04\\\/Coaching-for-Executives.png\",\"contentUrl\":\"https:\\\/\\\/letsfuture.pl\\\/wp-content\\\/uploads\\\/2024\\\/04\\\/Coaching-for-Executives.png\",\"width\":1080,\"height\":1080},{\"@type\":\"BreadcrumbList\",\"@id\":\"https:\\\/\\\/letsfuture.pl\\\/en\\\/produkt\\\/executive-coaching\\\/#breadcrumb\",\"itemListElement\":[{\"@type\":\"ListItem\",\"position\":1,\"name\":\"Home\",\"item\":\"https:\\\/\\\/letsfuture.pl\\\/en\\\/\"},{\"@type\":\"ListItem\",\"position\":2,\"name\":\"Shop\",\"item\":\"https:\\\/\\\/letsfuture.pl\\\/en\\\/shop\\\/\"},{\"@type\":\"ListItem\",\"position\":3,\"name\":\"Executive Coaching\"}]},{\"@type\":\"WebSite\",\"@id\":\"https:\\\/\\\/letsfuture.pl\\\/#website\",\"url\":\"https:\\\/\\\/letsfuture.pl\\\/\",\"name\":\"Letsfuture\",\"description\":\"Empower your future\",\"potentialAction\":[{\"@type\":\"SearchAction\",\"target\":{\"@type\":\"EntryPoint\",\"urlTemplate\":\"https:\\\/\\\/letsfuture.pl\\\/?s={search_term_string}\"},\"query-input\":{\"@type\":\"PropertyValueSpecification\",\"valueRequired\":true,\"valueName\":\"search_term_string\"}}],\"inLanguage\":\"en-US\"}]}<\/script>\n<!-- \/ Yoast SEO plugin. -->","yoast_head_json":{"title":"Executive Coaching - Letsfuture","robots":{"index":"index","follow":"follow","max-snippet":"max-snippet:-1","max-image-preview":"max-image-preview:large","max-video-preview":"max-video-preview:-1"},"canonical":"https:\/\/letsfuture.pl\/en\/produkt\/executive-coaching\/","og_locale":"en_US","og_type":"article","og_title":"Executive Coaching - Letsfuture","og_description":"Wsp\u00f3\u0142pracujesz z coachem, kt\u00f3ry ma do\u015bwiadczenie na stanowiskach C-Level, b\u0119dzie Twoim zaufanym partnerem, do rozmowy o sprawach, kt\u00f3rych nie mo\u017cesz om\u00f3wi\u0107 z innymi.  Pracujemy w obszarze zarz\u0105dzania strategicznego, odpowiedzialno\u015bci i presji w podejmowaniu trudnych decyzji, zmiany w organizacji, komunikacji interpersonalnej, komunikacji w zespole, budowania realizacji. Podejmujemy tematy transformacji cyfrowej i rozwoju sztucznej inteligencji oraz budowania kompetencji w tym obszarze . Cz\u0119sto rozmawiamy o tematach worklife balance, presji, d\u0142ugotrwa\u0142ym funkcjonowaniu w stresie.  Um\u00f3w si\u0119 na bezp\u0142atn\u0105 konsultacj\u0119 Ewa Drozd  Przeczytaj jak pracujemy w procesach coachingowych","og_url":"https:\/\/letsfuture.pl\/en\/produkt\/executive-coaching\/","og_site_name":"Letsfuture","og_image":[{"width":1080,"height":1080,"url":"http:\/\/letsfuture.pl\/wp-content\/uploads\/2024\/04\/Coaching-for-Executives.png","type":"image\/png"}],"twitter_card":"summary_large_image","twitter_misc":{"Est. reading time":"1 minute"},"schema":{"@context":"https:\/\/schema.org","@graph":[{"@type":"WebPage","@id":"https:\/\/letsfuture.pl\/en\/produkt\/executive-coaching\/","url":"https:\/\/letsfuture.pl\/en\/produkt\/executive-coaching\/","name":"Executive Coaching - Letsfuture","isPartOf":{"@id":"https:\/\/letsfuture.pl\/#website"},"primaryImageOfPage":{"@id":"https:\/\/letsfuture.pl\/en\/produkt\/executive-coaching\/#primaryimage"},"image":{"@id":"https:\/\/letsfuture.pl\/en\/produkt\/executive-coaching\/#primaryimage"},"thumbnailUrl":"https:\/\/letsfuture.pl\/wp-content\/uploads\/2024\/04\/Coaching-for-Executives.png","datePublished":"2024-07-01T19:13:24+00:00","breadcrumb":{"@id":"https:\/\/letsfuture.pl\/en\/produkt\/executive-coaching\/#breadcrumb"},"inLanguage":"en-US","potentialAction":[{"@type":"ReadAction","target":["https:\/\/letsfuture.pl\/en\/produkt\/executive-coaching\/"]}]},{"@type":"ImageObject","inLanguage":"en-US","@id":"https:\/\/letsfuture.pl\/en\/produkt\/executive-coaching\/#primaryimage","url":"https:\/\/letsfuture.pl\/wp-content\/uploads\/2024\/04\/Coaching-for-Executives.png","contentUrl":"https:\/\/letsfuture.pl\/wp-content\/uploads\/2024\/04\/Coaching-for-Executives.png","width":1080,"height":1080},{"@type":"BreadcrumbList","@id":"https:\/\/letsfuture.pl\/en\/produkt\/executive-coaching\/#breadcrumb","itemListElement":[{"@type":"ListItem","position":1,"name":"Home","item":"https:\/\/letsfuture.pl\/en\/"},{"@type":"ListItem","position":2,"name":"Shop","item":"https:\/\/letsfuture.pl\/en\/shop\/"},{"@type":"ListItem","position":3,"name":"Executive Coaching"}]},{"@type":"WebSite","@id":"https:\/\/letsfuture.pl\/#website","url":"https:\/\/letsfuture.pl\/","name":"Letsfuture","description":"Empower your future","potentialAction":[{"@type":"SearchAction","target":{"@type":"EntryPoint","urlTemplate":"https:\/\/letsfuture.pl\/?s={search_term_string}"},"query-input":{"@type":"PropertyValueSpecification","valueRequired":true,"valueName":"search_term_string"}}],"inLanguage":"en-US"}]}},"_links":{"self":[{"href":"https:\/\/letsfuture.pl\/en\/wp-json\/wp\/v2\/product\/761","targetHints":{"allow":["GET"]}}],"collection":[{"href":"https:\/\/letsfuture.pl\/en\/wp-json\/wp\/v2\/product"}],"about":[{"href":"https:\/\/letsfuture.pl\/en\/wp-json\/wp\/v2\/types\/product"}],"wp:featuredmedia":[{"embeddable":true,"href":"https:\/\/letsfuture.pl\/en\/wp-json\/wp\/v2\/media\/712"}],"wp:attachment":[{"href":"https:\/\/letsfuture.pl\/en\/wp-json\/wp\/v2\/media?parent=761"}],"wp:term":[{"taxonomy":"product_brand","embeddable":true,"href":"https:\/\/letsfuture.pl\/en\/wp-json\/wp\/v2\/product_brand?post=761"},{"taxonomy":"product_cat","embeddable":true,"href":"https:\/\/letsfuture.pl\/en\/wp-json\/wp\/v2\/product_cat?post=761"},{"taxonomy":"product_tag","embeddable":true,"href":"https:\/\/letsfuture.pl\/en\/wp-json\/wp\/v2\/product_tag?post=761"}],"curies":[{"name":"wp","href":"https:\/\/api.w.org\/{rel}","templated":true}]}}