{"id":515,"date":"2024-04-15T18:43:55","date_gmt":"2024-04-15T16:43:55","guid":{"rendered":"http:\/\/letsfuture.pl\/produkt\/business-mentoring\/"},"modified":"2024-05-27T11:04:55","modified_gmt":"2024-05-27T09:04:55","slug":"mentoring-biznesowy","status":"publish","type":"product","link":"https:\/\/letsfuture.pl\/en\/produkt\/mentoring-biznesowy\/","title":{"rendered":"Business Mentoring"},"content":{"rendered":"<p><i>Przeczytaj jak pracujemy w procesach mentoringowych<\/i><\/p>\n","protected":false},"excerpt":{"rendered":"<p>Klienci cz\u0119sto wybieraj\u0105 mentoring biznesowy, bo jest to bardzo pojemne okre\u015blenie. Ka\u017cdy proces mentoringu rozpoczyna si\u0119 o uzgodnienia (zakontraktowania) celu, nad kt\u00f3rym chce pracowa\u0107 mentee.<\/p>\n<p>Mo\u017cesz korzysta\u0107 z naszych do\u015bwiadcze\u0144 w obszarze budowania i rozwoju strategii firmy, transformacji cyfrowej, budowania realizacji i komunikacji (w r\u00f3\u017cnych wymiarach, interpersonalnym, zespo\u0142u, innych interesariuszy wewn\u0119trznych i zewn\u0119trznych. W ramach mentoringu biznesowego mo\u017cemy pracowa\u0107 nad wszystkich co w Twojej ocenie wymaga rozwoju, doskonalenia, a mo\u017ce prze\u0142o\u017cy\u0107 si\u0119 na Tw\u00f3j rozw\u00f3j osobisty, rozw\u00f3j Twojego zespo\u0142u, budowanie, skalowanie, transformacj\u0119 biznesu (np. poprzez budowanie kompetencji AI), kt\u00f3rym zarz\u0105dzasz.<\/p>\n<p>Je\u017celi sk\u0142aniasz si\u0119 do wyboru mentoringu biznesowego, to sprawd\u017a inne nasze us\u0142ugi mentoringowe, zainspiruj si\u0119, mo\u017cesz w\u0142\u0105czy\u0107 warto\u015bciowe dla ciebie elementy. Nasze do\u015bwiadczenia pokazuj\u0105, \u017ce holistyczne podej\u015bcie w biznesie oraz rozwoju osobistym czyni nas prawdziwie mocnymi.<\/p>\n<a href=\"http:\/\/\" class=\"button secondary is-secondary is-medium\"  >\n    <span>Um\u00f3w si\u0119 na bezp\u0142atn\u0105 konsultacj\u0119 Ewa Drozd<\/span>\n  <\/a>\n\n","protected":false},"featured_media":448,"template":"","meta":[],"product_brand":[],"product_cat":[65],"product_tag":[76,72,73,74,75],"class_list":{"0":"post-515","1":"product","2":"type-product","3":"status-publish","4":"has-post-thumbnail","6":"product_cat-mentoring-en","7":"product_tag-doswiadczony-mentor-en","8":"product_tag-mentoring-en","9":"product_tag-mentoring-biznesowy-en","10":"product_tag-mentoring-kariery-en","11":"product_tag-sesje-mentoringowe-en","13":"first","14":"instock","15":"virtual","16":"product-type-simple"},"yoast_head":"<!-- This site is optimized with the Yoast SEO plugin v27.4 - https:\/\/yoast.com\/product\/yoast-seo-wordpress\/ -->\n<title>Business Mentoring - Letsfuture<\/title>\n<meta name=\"robots\" content=\"index, follow, max-snippet:-1, max-image-preview:large, max-video-preview:-1\" \/>\n<link rel=\"canonical\" href=\"https:\/\/letsfuture.pl\/en\/produkt\/mentoring-biznesowy\/\" \/>\n<meta property=\"og:locale\" content=\"en_US\" \/>\n<meta property=\"og:type\" content=\"article\" \/>\n<meta property=\"og:title\" content=\"Business Mentoring - Letsfuture\" \/>\n<meta property=\"og:description\" content=\"Klienci cz\u0119sto wybieraj\u0105 mentoring biznesowy, bo jest to bardzo pojemne okre\u015blenie. Ka\u017cdy proces mentoringu rozpoczyna si\u0119 o uzgodnienia (zakontraktowania) celu, nad kt\u00f3rym chce pracowa\u0107 mentee.  Mo\u017cesz korzysta\u0107 z naszych do\u015bwiadcze\u0144 w obszarze budowania i rozwoju strategii firmy, transformacji cyfrowej, budowania realizacji i komunikacji (w r\u00f3\u017cnych wymiarach, interpersonalnym, zespo\u0142u, innych interesariuszy wewn\u0119trznych i zewn\u0119trznych. W ramach mentoringu biznesowego mo\u017cemy pracowa\u0107 nad wszystkich co w Twojej ocenie wymaga rozwoju, doskonalenia, a mo\u017ce prze\u0142o\u017cy\u0107 si\u0119 na Tw\u00f3j rozw\u00f3j osobisty, rozw\u00f3j Twojego zespo\u0142u, budowanie, skalowanie, transformacj\u0119 biznesu (np. poprzez budowanie kompetencji AI), kt\u00f3rym zarz\u0105dzasz.  Je\u017celi sk\u0142aniasz si\u0119 do wyboru mentoringu biznesowego, to sprawd\u017a inne nasze us\u0142ugi mentoringowe, zainspiruj si\u0119, mo\u017cesz w\u0142\u0105czy\u0107 warto\u015bciowe dla ciebie elementy. Nasze do\u015bwiadczenia pokazuj\u0105, \u017ce holistyczne podej\u015bcie w biznesie oraz rozwoju osobistym czyni nas prawdziwie mocnymi.\" \/>\n<meta property=\"og:url\" content=\"https:\/\/letsfuture.pl\/en\/produkt\/mentoring-biznesowy\/\" \/>\n<meta property=\"og:site_name\" content=\"Letsfuture\" \/>\n<meta property=\"article:modified_time\" content=\"2024-05-27T09:04:55+00:00\" \/>\n<meta property=\"og:image\" content=\"http:\/\/letsfuture.pl\/wp-content\/uploads\/2024\/04\/Mentoring-w-biznesie.png\" \/>\n\t<meta property=\"og:image:width\" content=\"1080\" \/>\n\t<meta property=\"og:image:height\" content=\"1080\" \/>\n\t<meta property=\"og:image:type\" content=\"image\/png\" \/>\n<meta name=\"twitter:card\" content=\"summary_large_image\" \/>\n<meta name=\"twitter:label1\" content=\"Est. reading time\" \/>\n\t<meta name=\"twitter:data1\" content=\"1 minute\" \/>\n<script type=\"application\/ld+json\" class=\"yoast-schema-graph\">{\"@context\":\"https:\\\/\\\/schema.org\",\"@graph\":[{\"@type\":\"WebPage\",\"@id\":\"https:\\\/\\\/letsfuture.pl\\\/en\\\/produkt\\\/mentoring-biznesowy\\\/\",\"url\":\"https:\\\/\\\/letsfuture.pl\\\/en\\\/produkt\\\/mentoring-biznesowy\\\/\",\"name\":\"Business Mentoring - Letsfuture\",\"isPartOf\":{\"@id\":\"https:\\\/\\\/letsfuture.pl\\\/#website\"},\"primaryImageOfPage\":{\"@id\":\"https:\\\/\\\/letsfuture.pl\\\/en\\\/produkt\\\/mentoring-biznesowy\\\/#primaryimage\"},\"image\":{\"@id\":\"https:\\\/\\\/letsfuture.pl\\\/en\\\/produkt\\\/mentoring-biznesowy\\\/#primaryimage\"},\"thumbnailUrl\":\"https:\\\/\\\/letsfuture.pl\\\/wp-content\\\/uploads\\\/2024\\\/04\\\/Mentoring-w-biznesie.png\",\"datePublished\":\"2024-04-15T16:43:55+00:00\",\"dateModified\":\"2024-05-27T09:04:55+00:00\",\"breadcrumb\":{\"@id\":\"https:\\\/\\\/letsfuture.pl\\\/en\\\/produkt\\\/mentoring-biznesowy\\\/#breadcrumb\"},\"inLanguage\":\"en-US\",\"potentialAction\":[{\"@type\":\"ReadAction\",\"target\":[\"https:\\\/\\\/letsfuture.pl\\\/en\\\/produkt\\\/mentoring-biznesowy\\\/\"]}]},{\"@type\":\"ImageObject\",\"inLanguage\":\"en-US\",\"@id\":\"https:\\\/\\\/letsfuture.pl\\\/en\\\/produkt\\\/mentoring-biznesowy\\\/#primaryimage\",\"url\":\"https:\\\/\\\/letsfuture.pl\\\/wp-content\\\/uploads\\\/2024\\\/04\\\/Mentoring-w-biznesie.png\",\"contentUrl\":\"https:\\\/\\\/letsfuture.pl\\\/wp-content\\\/uploads\\\/2024\\\/04\\\/Mentoring-w-biznesie.png\",\"width\":1080,\"height\":1080},{\"@type\":\"BreadcrumbList\",\"@id\":\"https:\\\/\\\/letsfuture.pl\\\/en\\\/produkt\\\/mentoring-biznesowy\\\/#breadcrumb\",\"itemListElement\":[{\"@type\":\"ListItem\",\"position\":1,\"name\":\"Home\",\"item\":\"https:\\\/\\\/letsfuture.pl\\\/en\\\/\"},{\"@type\":\"ListItem\",\"position\":2,\"name\":\"Shop\",\"item\":\"https:\\\/\\\/letsfuture.pl\\\/en\\\/shop\\\/\"},{\"@type\":\"ListItem\",\"position\":3,\"name\":\"Business Mentoring\"}]},{\"@type\":\"WebSite\",\"@id\":\"https:\\\/\\\/letsfuture.pl\\\/#website\",\"url\":\"https:\\\/\\\/letsfuture.pl\\\/\",\"name\":\"Letsfuture\",\"description\":\"Empower your future\",\"potentialAction\":[{\"@type\":\"SearchAction\",\"target\":{\"@type\":\"EntryPoint\",\"urlTemplate\":\"https:\\\/\\\/letsfuture.pl\\\/?s={search_term_string}\"},\"query-input\":{\"@type\":\"PropertyValueSpecification\",\"valueRequired\":true,\"valueName\":\"search_term_string\"}}],\"inLanguage\":\"en-US\"}]}<\/script>\n<!-- \/ Yoast SEO plugin. -->","yoast_head_json":{"title":"Business Mentoring - Letsfuture","robots":{"index":"index","follow":"follow","max-snippet":"max-snippet:-1","max-image-preview":"max-image-preview:large","max-video-preview":"max-video-preview:-1"},"canonical":"https:\/\/letsfuture.pl\/en\/produkt\/mentoring-biznesowy\/","og_locale":"en_US","og_type":"article","og_title":"Business Mentoring - Letsfuture","og_description":"Klienci cz\u0119sto wybieraj\u0105 mentoring biznesowy, bo jest to bardzo pojemne okre\u015blenie. Ka\u017cdy proces mentoringu rozpoczyna si\u0119 o uzgodnienia (zakontraktowania) celu, nad kt\u00f3rym chce pracowa\u0107 mentee.  Mo\u017cesz korzysta\u0107 z naszych do\u015bwiadcze\u0144 w obszarze budowania i rozwoju strategii firmy, transformacji cyfrowej, budowania realizacji i komunikacji (w r\u00f3\u017cnych wymiarach, interpersonalnym, zespo\u0142u, innych interesariuszy wewn\u0119trznych i zewn\u0119trznych. W ramach mentoringu biznesowego mo\u017cemy pracowa\u0107 nad wszystkich co w Twojej ocenie wymaga rozwoju, doskonalenia, a mo\u017ce prze\u0142o\u017cy\u0107 si\u0119 na Tw\u00f3j rozw\u00f3j osobisty, rozw\u00f3j Twojego zespo\u0142u, budowanie, skalowanie, transformacj\u0119 biznesu (np. poprzez budowanie kompetencji AI), kt\u00f3rym zarz\u0105dzasz.  Je\u017celi sk\u0142aniasz si\u0119 do wyboru mentoringu biznesowego, to sprawd\u017a inne nasze us\u0142ugi mentoringowe, zainspiruj si\u0119, mo\u017cesz w\u0142\u0105czy\u0107 warto\u015bciowe dla ciebie elementy. Nasze do\u015bwiadczenia pokazuj\u0105, \u017ce holistyczne podej\u015bcie w biznesie oraz rozwoju osobistym czyni nas prawdziwie mocnymi.","og_url":"https:\/\/letsfuture.pl\/en\/produkt\/mentoring-biznesowy\/","og_site_name":"Letsfuture","article_modified_time":"2024-05-27T09:04:55+00:00","og_image":[{"width":1080,"height":1080,"url":"http:\/\/letsfuture.pl\/wp-content\/uploads\/2024\/04\/Mentoring-w-biznesie.png","type":"image\/png"}],"twitter_card":"summary_large_image","twitter_misc":{"Est. reading time":"1 minute"},"schema":{"@context":"https:\/\/schema.org","@graph":[{"@type":"WebPage","@id":"https:\/\/letsfuture.pl\/en\/produkt\/mentoring-biznesowy\/","url":"https:\/\/letsfuture.pl\/en\/produkt\/mentoring-biznesowy\/","name":"Business Mentoring - Letsfuture","isPartOf":{"@id":"https:\/\/letsfuture.pl\/#website"},"primaryImageOfPage":{"@id":"https:\/\/letsfuture.pl\/en\/produkt\/mentoring-biznesowy\/#primaryimage"},"image":{"@id":"https:\/\/letsfuture.pl\/en\/produkt\/mentoring-biznesowy\/#primaryimage"},"thumbnailUrl":"https:\/\/letsfuture.pl\/wp-content\/uploads\/2024\/04\/Mentoring-w-biznesie.png","datePublished":"2024-04-15T16:43:55+00:00","dateModified":"2024-05-27T09:04:55+00:00","breadcrumb":{"@id":"https:\/\/letsfuture.pl\/en\/produkt\/mentoring-biznesowy\/#breadcrumb"},"inLanguage":"en-US","potentialAction":[{"@type":"ReadAction","target":["https:\/\/letsfuture.pl\/en\/produkt\/mentoring-biznesowy\/"]}]},{"@type":"ImageObject","inLanguage":"en-US","@id":"https:\/\/letsfuture.pl\/en\/produkt\/mentoring-biznesowy\/#primaryimage","url":"https:\/\/letsfuture.pl\/wp-content\/uploads\/2024\/04\/Mentoring-w-biznesie.png","contentUrl":"https:\/\/letsfuture.pl\/wp-content\/uploads\/2024\/04\/Mentoring-w-biznesie.png","width":1080,"height":1080},{"@type":"BreadcrumbList","@id":"https:\/\/letsfuture.pl\/en\/produkt\/mentoring-biznesowy\/#breadcrumb","itemListElement":[{"@type":"ListItem","position":1,"name":"Home","item":"https:\/\/letsfuture.pl\/en\/"},{"@type":"ListItem","position":2,"name":"Shop","item":"https:\/\/letsfuture.pl\/en\/shop\/"},{"@type":"ListItem","position":3,"name":"Business Mentoring"}]},{"@type":"WebSite","@id":"https:\/\/letsfuture.pl\/#website","url":"https:\/\/letsfuture.pl\/","name":"Letsfuture","description":"Empower your future","potentialAction":[{"@type":"SearchAction","target":{"@type":"EntryPoint","urlTemplate":"https:\/\/letsfuture.pl\/?s={search_term_string}"},"query-input":{"@type":"PropertyValueSpecification","valueRequired":true,"valueName":"search_term_string"}}],"inLanguage":"en-US"}]}},"_links":{"self":[{"href":"https:\/\/letsfuture.pl\/en\/wp-json\/wp\/v2\/product\/515","targetHints":{"allow":["GET"]}}],"collection":[{"href":"https:\/\/letsfuture.pl\/en\/wp-json\/wp\/v2\/product"}],"about":[{"href":"https:\/\/letsfuture.pl\/en\/wp-json\/wp\/v2\/types\/product"}],"wp:featuredmedia":[{"embeddable":true,"href":"https:\/\/letsfuture.pl\/en\/wp-json\/wp\/v2\/media\/448"}],"wp:attachment":[{"href":"https:\/\/letsfuture.pl\/en\/wp-json\/wp\/v2\/media?parent=515"}],"wp:term":[{"taxonomy":"product_brand","embeddable":true,"href":"https:\/\/letsfuture.pl\/en\/wp-json\/wp\/v2\/product_brand?post=515"},{"taxonomy":"product_cat","embeddable":true,"href":"https:\/\/letsfuture.pl\/en\/wp-json\/wp\/v2\/product_cat?post=515"},{"taxonomy":"product_tag","embeddable":true,"href":"https:\/\/letsfuture.pl\/en\/wp-json\/wp\/v2\/product_tag?post=515"}],"curies":[{"name":"wp","href":"https:\/\/api.w.org\/{rel}","templated":true}]}}