{"id":513,"date":"2024-04-15T19:48:01","date_gmt":"2024-04-15T17:48:01","guid":{"rendered":"http:\/\/letsfuture.pl\/produkt\/mentoring-in-the-succession-process\/"},"modified":"2024-04-15T19:48:01","modified_gmt":"2024-04-15T17:48:01","slug":"mentoring-w-procesie-sukcesji","status":"publish","type":"product","link":"https:\/\/letsfuture.pl\/en\/produkt\/mentoring-w-procesie-sukcesji\/","title":{"rendered":"Mentoring in the succession process"},"content":{"rendered":"","protected":false},"excerpt":{"rendered":"<p><span style=\"font-size: 95%;\">Pracujesz w firmie rodzinnej, przygotowujesz si\u0119 do obj\u0119cia nowych stanowiska, wi\u0119kszej odpowiedzialno\u015bci, a mo\u017ce pokierujesz ca\u0142ym biznesem. Je\u017celi Twoj\u0105 karier\u0119 zwi\u0105za\u0142e\u015b z korporacj\u0105, jeste\u015b lub aspirujesz do grupy tzw. top talent (kr\u00f3tkiej listy talent\u00f3w cennych dla organizacji, rozpatrywanych podczas awans\u00f3w) to r\u00f3wnie\u017c wa\u017cne dla ciebie jest przygotowanie si\u0119 w tym tego momentu.<\/span><\/p>\n<p><span style=\"font-size: 95%;\">W procesie mentoringu, b\u0119dziesz wsp\u00f3\u0142pracowa\u0107 z bardzo do\u015bwiadczonym, w biznesie w Polsce oraz mi\u0119dzynarodowym, na stanowiskach C-Level. Mentor b\u0119dzie Twoim zaufanym partnerem, do rozmowy o sprawach, kt\u00f3rych nie mo\u017cesz om\u00f3wi\u0107 z innymi, podzieli si\u0119 swoim do\u015bwiadczeniem, b\u0119dzie wspiera\u0142 ci\u0119 w osi\u0105gni\u0119ciu celu, kt\u00f3ry realizujesz.<\/span><\/p>\n<p><span style=\"font-size: 95%;\">Um\u00f3w si\u0119 na bezp\u0142atn\u0105 konsultacj\u0119 Ewa Drozd<\/span><\/p>\n","protected":false},"featured_media":446,"template":"","meta":[],"product_brand":[],"product_cat":[65],"product_tag":[76,72,73,74,75],"class_list":{"0":"post-513","1":"product","2":"type-product","3":"status-publish","4":"has-post-thumbnail","6":"product_cat-mentoring-en","7":"product_tag-doswiadczony-mentor-en","8":"product_tag-mentoring-en","9":"product_tag-mentoring-biznesowy-en","10":"product_tag-mentoring-kariery-en","11":"product_tag-sesje-mentoringowe-en","13":"first","14":"instock","15":"virtual","16":"product-type-simple"},"yoast_head":"<!-- This site is optimized with the Yoast SEO plugin v27.6 - https:\/\/yoast.com\/product\/yoast-seo-wordpress\/ -->\n<title>Mentoring in the succession process - Letsfuture<\/title>\n<meta name=\"robots\" content=\"index, follow, max-snippet:-1, max-image-preview:large, max-video-preview:-1\" \/>\n<link rel=\"canonical\" href=\"https:\/\/letsfuture.pl\/produkt\/mentoring-w-procesie-sukcesji\/\" \/>\n<meta property=\"og:locale\" content=\"en_US\" \/>\n<meta property=\"og:type\" content=\"article\" \/>\n<meta property=\"og:title\" content=\"Mentoring in the succession process - Letsfuture\" \/>\n<meta property=\"og:description\" content=\"Pracujesz w firmie rodzinnej, przygotowujesz si\u0119 do obj\u0119cia nowych stanowiska, wi\u0119kszej odpowiedzialno\u015bci, a mo\u017ce pokierujesz ca\u0142ym biznesem. Je\u017celi Twoj\u0105 karier\u0119 zwi\u0105za\u0142e\u015b z korporacj\u0105, jeste\u015b lub aspirujesz do grupy tzw. top talent (kr\u00f3tkiej listy talent\u00f3w cennych dla organizacji, rozpatrywanych podczas awans\u00f3w) to r\u00f3wnie\u017c wa\u017cne dla ciebie jest przygotowanie si\u0119 w tym tego momentu. W procesie mentoringu, b\u0119dziesz wsp\u00f3\u0142pracowa\u0107 z bardzo do\u015bwiadczonym, w biznesie w Polsce oraz mi\u0119dzynarodowym, na stanowiskach C-Level. Mentor b\u0119dzie Twoim zaufanym partnerem, do rozmowy o sprawach, kt\u00f3rych nie mo\u017cesz om\u00f3wi\u0107 z innymi, podzieli si\u0119 swoim do\u015bwiadczeniem, b\u0119dzie wspiera\u0142 ci\u0119 w osi\u0105gni\u0119ciu celu, kt\u00f3ry realizujesz. Um\u00f3w si\u0119 na bezp\u0142atn\u0105 konsultacj\u0119 Ewa Drozd\" \/>\n<meta property=\"og:url\" content=\"https:\/\/letsfuture.pl\/produkt\/mentoring-w-procesie-sukcesji\/\" \/>\n<meta property=\"og:site_name\" content=\"Letsfuture\" \/>\n<meta property=\"og:image\" content=\"https:\/\/letsfuture.pl\/wp-content\/uploads\/2024\/04\/mentoring-w-procesie-sukcesji.png\" \/>\n\t<meta property=\"og:image:width\" content=\"1080\" \/>\n\t<meta property=\"og:image:height\" content=\"1080\" \/>\n\t<meta property=\"og:image:type\" content=\"image\/png\" \/>\n<meta name=\"twitter:card\" content=\"summary_large_image\" \/>\n<script type=\"application\/ld+json\" class=\"yoast-schema-graph\">{\"@context\":\"https:\\\/\\\/schema.org\",\"@graph\":[{\"@type\":\"WebPage\",\"@id\":\"https:\\\/\\\/letsfuture.pl\\\/produkt\\\/mentoring-w-procesie-sukcesji\\\/\",\"url\":\"https:\\\/\\\/letsfuture.pl\\\/produkt\\\/mentoring-w-procesie-sukcesji\\\/\",\"name\":\"Mentoring in the succession process - Letsfuture\",\"isPartOf\":{\"@id\":\"https:\\\/\\\/letsfuture.pl\\\/#website\"},\"primaryImageOfPage\":{\"@id\":\"https:\\\/\\\/letsfuture.pl\\\/produkt\\\/mentoring-w-procesie-sukcesji\\\/#primaryimage\"},\"image\":{\"@id\":\"https:\\\/\\\/letsfuture.pl\\\/produkt\\\/mentoring-w-procesie-sukcesji\\\/#primaryimage\"},\"thumbnailUrl\":\"https:\\\/\\\/letsfuture.pl\\\/wp-content\\\/uploads\\\/2024\\\/04\\\/mentoring-w-procesie-sukcesji.png\",\"datePublished\":\"2024-04-15T17:48:01+00:00\",\"breadcrumb\":{\"@id\":\"https:\\\/\\\/letsfuture.pl\\\/produkt\\\/mentoring-w-procesie-sukcesji\\\/#breadcrumb\"},\"inLanguage\":\"en-US\",\"potentialAction\":[{\"@type\":\"ReadAction\",\"target\":[\"https:\\\/\\\/letsfuture.pl\\\/produkt\\\/mentoring-w-procesie-sukcesji\\\/\"]}]},{\"@type\":\"ImageObject\",\"inLanguage\":\"en-US\",\"@id\":\"https:\\\/\\\/letsfuture.pl\\\/produkt\\\/mentoring-w-procesie-sukcesji\\\/#primaryimage\",\"url\":\"https:\\\/\\\/letsfuture.pl\\\/wp-content\\\/uploads\\\/2024\\\/04\\\/mentoring-w-procesie-sukcesji.png\",\"contentUrl\":\"https:\\\/\\\/letsfuture.pl\\\/wp-content\\\/uploads\\\/2024\\\/04\\\/mentoring-w-procesie-sukcesji.png\",\"width\":1080,\"height\":1080},{\"@type\":\"BreadcrumbList\",\"@id\":\"https:\\\/\\\/letsfuture.pl\\\/produkt\\\/mentoring-w-procesie-sukcesji\\\/#breadcrumb\",\"itemListElement\":[{\"@type\":\"ListItem\",\"position\":1,\"name\":\"Home\",\"item\":\"https:\\\/\\\/letsfuture.pl\\\/en\\\/\"},{\"@type\":\"ListItem\",\"position\":2,\"name\":\"Shop\",\"item\":\"https:\\\/\\\/letsfuture.pl\\\/en\\\/shop\\\/\"},{\"@type\":\"ListItem\",\"position\":3,\"name\":\"Mentoring in the succession process\"}]},{\"@type\":\"WebSite\",\"@id\":\"https:\\\/\\\/letsfuture.pl\\\/#website\",\"url\":\"https:\\\/\\\/letsfuture.pl\\\/\",\"name\":\"Letsfuture\",\"description\":\"Empower your future\",\"potentialAction\":[{\"@type\":\"SearchAction\",\"target\":{\"@type\":\"EntryPoint\",\"urlTemplate\":\"https:\\\/\\\/letsfuture.pl\\\/?s={search_term_string}\"},\"query-input\":{\"@type\":\"PropertyValueSpecification\",\"valueRequired\":true,\"valueName\":\"search_term_string\"}}],\"inLanguage\":\"en-US\"}]}<\/script>\n<!-- \/ Yoast SEO plugin. -->","yoast_head_json":{"title":"Mentoring in the succession process - Letsfuture","robots":{"index":"index","follow":"follow","max-snippet":"max-snippet:-1","max-image-preview":"max-image-preview:large","max-video-preview":"max-video-preview:-1"},"canonical":"https:\/\/letsfuture.pl\/produkt\/mentoring-w-procesie-sukcesji\/","og_locale":"en_US","og_type":"article","og_title":"Mentoring in the succession process - Letsfuture","og_description":"Pracujesz w firmie rodzinnej, przygotowujesz si\u0119 do obj\u0119cia nowych stanowiska, wi\u0119kszej odpowiedzialno\u015bci, a mo\u017ce pokierujesz ca\u0142ym biznesem. Je\u017celi Twoj\u0105 karier\u0119 zwi\u0105za\u0142e\u015b z korporacj\u0105, jeste\u015b lub aspirujesz do grupy tzw. top talent (kr\u00f3tkiej listy talent\u00f3w cennych dla organizacji, rozpatrywanych podczas awans\u00f3w) to r\u00f3wnie\u017c wa\u017cne dla ciebie jest przygotowanie si\u0119 w tym tego momentu. W procesie mentoringu, b\u0119dziesz wsp\u00f3\u0142pracowa\u0107 z bardzo do\u015bwiadczonym, w biznesie w Polsce oraz mi\u0119dzynarodowym, na stanowiskach C-Level. Mentor b\u0119dzie Twoim zaufanym partnerem, do rozmowy o sprawach, kt\u00f3rych nie mo\u017cesz om\u00f3wi\u0107 z innymi, podzieli si\u0119 swoim do\u015bwiadczeniem, b\u0119dzie wspiera\u0142 ci\u0119 w osi\u0105gni\u0119ciu celu, kt\u00f3ry realizujesz. Um\u00f3w si\u0119 na bezp\u0142atn\u0105 konsultacj\u0119 Ewa Drozd","og_url":"https:\/\/letsfuture.pl\/produkt\/mentoring-w-procesie-sukcesji\/","og_site_name":"Letsfuture","og_image":[{"width":1080,"height":1080,"url":"https:\/\/letsfuture.pl\/wp-content\/uploads\/2024\/04\/mentoring-w-procesie-sukcesji.png","type":"image\/png"}],"twitter_card":"summary_large_image","schema":{"@context":"https:\/\/schema.org","@graph":[{"@type":"WebPage","@id":"https:\/\/letsfuture.pl\/produkt\/mentoring-w-procesie-sukcesji\/","url":"https:\/\/letsfuture.pl\/produkt\/mentoring-w-procesie-sukcesji\/","name":"Mentoring in the succession process - Letsfuture","isPartOf":{"@id":"https:\/\/letsfuture.pl\/#website"},"primaryImageOfPage":{"@id":"https:\/\/letsfuture.pl\/produkt\/mentoring-w-procesie-sukcesji\/#primaryimage"},"image":{"@id":"https:\/\/letsfuture.pl\/produkt\/mentoring-w-procesie-sukcesji\/#primaryimage"},"thumbnailUrl":"https:\/\/letsfuture.pl\/wp-content\/uploads\/2024\/04\/mentoring-w-procesie-sukcesji.png","datePublished":"2024-04-15T17:48:01+00:00","breadcrumb":{"@id":"https:\/\/letsfuture.pl\/produkt\/mentoring-w-procesie-sukcesji\/#breadcrumb"},"inLanguage":"en-US","potentialAction":[{"@type":"ReadAction","target":["https:\/\/letsfuture.pl\/produkt\/mentoring-w-procesie-sukcesji\/"]}]},{"@type":"ImageObject","inLanguage":"en-US","@id":"https:\/\/letsfuture.pl\/produkt\/mentoring-w-procesie-sukcesji\/#primaryimage","url":"https:\/\/letsfuture.pl\/wp-content\/uploads\/2024\/04\/mentoring-w-procesie-sukcesji.png","contentUrl":"https:\/\/letsfuture.pl\/wp-content\/uploads\/2024\/04\/mentoring-w-procesie-sukcesji.png","width":1080,"height":1080},{"@type":"BreadcrumbList","@id":"https:\/\/letsfuture.pl\/produkt\/mentoring-w-procesie-sukcesji\/#breadcrumb","itemListElement":[{"@type":"ListItem","position":1,"name":"Home","item":"https:\/\/letsfuture.pl\/en\/"},{"@type":"ListItem","position":2,"name":"Shop","item":"https:\/\/letsfuture.pl\/en\/shop\/"},{"@type":"ListItem","position":3,"name":"Mentoring in the succession process"}]},{"@type":"WebSite","@id":"https:\/\/letsfuture.pl\/#website","url":"https:\/\/letsfuture.pl\/","name":"Letsfuture","description":"Empower your future","potentialAction":[{"@type":"SearchAction","target":{"@type":"EntryPoint","urlTemplate":"https:\/\/letsfuture.pl\/?s={search_term_string}"},"query-input":{"@type":"PropertyValueSpecification","valueRequired":true,"valueName":"search_term_string"}}],"inLanguage":"en-US"}]}},"_links":{"self":[{"href":"https:\/\/letsfuture.pl\/en\/wp-json\/wp\/v2\/product\/513","targetHints":{"allow":["GET"]}}],"collection":[{"href":"https:\/\/letsfuture.pl\/en\/wp-json\/wp\/v2\/product"}],"about":[{"href":"https:\/\/letsfuture.pl\/en\/wp-json\/wp\/v2\/types\/product"}],"wp:featuredmedia":[{"embeddable":true,"href":"https:\/\/letsfuture.pl\/en\/wp-json\/wp\/v2\/media\/446"}],"wp:attachment":[{"href":"https:\/\/letsfuture.pl\/en\/wp-json\/wp\/v2\/media?parent=513"}],"wp:term":[{"taxonomy":"product_brand","embeddable":true,"href":"https:\/\/letsfuture.pl\/en\/wp-json\/wp\/v2\/product_brand?post=513"},{"taxonomy":"product_cat","embeddable":true,"href":"https:\/\/letsfuture.pl\/en\/wp-json\/wp\/v2\/product_cat?post=513"},{"taxonomy":"product_tag","embeddable":true,"href":"https:\/\/letsfuture.pl\/en\/wp-json\/wp\/v2\/product_tag?post=513"}],"curies":[{"name":"wp","href":"https:\/\/api.w.org\/{rel}","templated":true}]}}