{"id":512,"date":"2024-04-15T19:48:50","date_gmt":"2024-04-15T17:48:50","guid":{"rendered":"http:\/\/letsfuture.pl\/produkt\/career-mentoring\/"},"modified":"2024-04-15T19:48:50","modified_gmt":"2024-04-15T17:48:50","slug":"mentoring-kariery","status":"publish","type":"product","link":"https:\/\/letsfuture.pl\/en\/produkt\/mentoring-kariery\/","title":{"rendered":"Career Mentoring"},"content":{"rendered":"","protected":false},"excerpt":{"rendered":"<p><span style=\"font-size: 95%;\"><span style=\"color: #000000;\"><strong>Mentor kariery skupia si\u0119 w procesie na pracy z Tob\u0105 nad Twoim celem zawodowym.<\/strong><\/span> Cel ten mo\u017ce by\u0107 dla ka\u017cdego inny. Mo\u017ce to by\u0107 przygotowanie do zmiany kariery, zbudowanie i rozw\u00f3j kariery na obecnej \u015bcie\u017cce, rozw\u00f3j kariery o nowe kompetencje (eksperckie, menad\u017cerskie, w prowadzeniu w\u0142asnej firmy). To jest Tw\u00f3j cel i Twoja droga, a mentor b\u0119dzie dla ciebie jak GPS, kt\u00f3ry ze wzgl\u0119du na swoje do\u015bwiadczenia podzieli si\u0119 konsekwencjami swoich wybor\u00f3w, decyzji. Ale to ty zdecydujesz, co jest dla ciebie najlepsze i w zgodzie z Tob\u0105.<\/span><\/p>\n<p><span style=\"font-size: 95%;\"><span style=\"color: #000000;\"><strong>Mentor poma\u017ce zweryfikowa\u0107 Twoje cel\u00f3w zawodowe, zaplanowa\u0107 dalsze kroki i om\u00f3wi z Tob\u0105 mo\u017cliwe ryzyka i przeszkody na drodze do sukcesu zawodowego.<\/strong> <\/span>Mentor mo\u017ce wspiera\u0107 w zakresie rozwoju umiej\u0119tno\u015bci lidera oraz budowania sieci kontakt\u00f3w zawodowych.<\/span><\/p>\n<p><span style=\"font-size: 95%;\">Chcesz \u015bwiadomie, w zgodzie z Twoimi warto\u015bciami rozwija\u0107 swoj\u0105 karier\u0119, rozmawiaj z mentorem o swoich predyspozycjach, przekonaniach, warto\u015bciach, przeszkodach.<\/span><\/p>\n<p><span style=\"font-size: 95%;\">Um\u00f3w si\u0119 na bezp\u0142atn\u0105 konsultacj\u0119 Ewa Drozd<\/span><\/p>\n","protected":false},"featured_media":449,"template":"","meta":[],"product_brand":[],"product_cat":[65],"product_tag":[76,72,73,74,75],"class_list":{"0":"post-512","1":"product","2":"type-product","3":"status-publish","4":"has-post-thumbnail","6":"product_cat-mentoring-en","7":"product_tag-doswiadczony-mentor-en","8":"product_tag-mentoring-en","9":"product_tag-mentoring-biznesowy-en","10":"product_tag-mentoring-kariery-en","11":"product_tag-sesje-mentoringowe-en","13":"first","14":"instock","15":"virtual","16":"purchasable","17":"product-type-simple"},"yoast_head":"<!-- This site is optimized with the Yoast SEO plugin v27.4 - https:\/\/yoast.com\/product\/yoast-seo-wordpress\/ -->\n<title>Career Mentoring - Letsfuture<\/title>\n<meta name=\"robots\" content=\"index, follow, max-snippet:-1, max-image-preview:large, max-video-preview:-1\" \/>\n<link rel=\"canonical\" href=\"https:\/\/letsfuture.pl\/produkt\/mentoring-kariery\/\" \/>\n<meta property=\"og:locale\" content=\"en_US\" \/>\n<meta property=\"og:type\" content=\"article\" \/>\n<meta property=\"og:title\" content=\"Career Mentoring - Letsfuture\" \/>\n<meta property=\"og:description\" content=\"Mentor kariery skupia si\u0119 w procesie na pracy z Tob\u0105 nad Twoim celem zawodowym. Cel ten mo\u017ce by\u0107 dla ka\u017cdego inny. Mo\u017ce to by\u0107 przygotowanie do zmiany kariery, zbudowanie i rozw\u00f3j kariery na obecnej \u015bcie\u017cce, rozw\u00f3j kariery o nowe kompetencje (eksperckie, menad\u017cerskie, w prowadzeniu w\u0142asnej firmy). To jest Tw\u00f3j cel i Twoja droga, a mentor b\u0119dzie dla ciebie jak GPS, kt\u00f3ry ze wzgl\u0119du na swoje do\u015bwiadczenia podzieli si\u0119 konsekwencjami swoich wybor\u00f3w, decyzji. Ale to ty zdecydujesz, co jest dla ciebie najlepsze i w zgodzie z Tob\u0105. Mentor poma\u017ce zweryfikowa\u0107 Twoje cel\u00f3w zawodowe, zaplanowa\u0107 dalsze kroki i om\u00f3wi z Tob\u0105 mo\u017cliwe ryzyka i przeszkody na drodze do sukcesu zawodowego. Mentor mo\u017ce wspiera\u0107 w zakresie rozwoju umiej\u0119tno\u015bci lidera oraz budowania sieci kontakt\u00f3w zawodowych. Chcesz \u015bwiadomie, w zgodzie z Twoimi warto\u015bciami rozwija\u0107 swoj\u0105 karier\u0119, rozmawiaj z mentorem o swoich predyspozycjach, przekonaniach, warto\u015bciach, przeszkodach. Um\u00f3w si\u0119 na bezp\u0142atn\u0105 konsultacj\u0119 Ewa Drozd\" \/>\n<meta property=\"og:url\" content=\"https:\/\/letsfuture.pl\/produkt\/mentoring-kariery\/\" \/>\n<meta property=\"og:site_name\" content=\"Letsfuture\" \/>\n<meta property=\"og:image\" content=\"https:\/\/letsfuture.pl\/wp-content\/uploads\/2024\/04\/Mentoring-kariery.png\" \/>\n\t<meta property=\"og:image:width\" content=\"1080\" \/>\n\t<meta property=\"og:image:height\" content=\"1080\" \/>\n\t<meta property=\"og:image:type\" content=\"image\/png\" \/>\n<meta name=\"twitter:card\" content=\"summary_large_image\" \/>\n<script type=\"application\/ld+json\" class=\"yoast-schema-graph\">{\"@context\":\"https:\\\/\\\/schema.org\",\"@graph\":[{\"@type\":\"WebPage\",\"@id\":\"https:\\\/\\\/letsfuture.pl\\\/produkt\\\/mentoring-kariery\\\/\",\"url\":\"https:\\\/\\\/letsfuture.pl\\\/produkt\\\/mentoring-kariery\\\/\",\"name\":\"Career Mentoring - Letsfuture\",\"isPartOf\":{\"@id\":\"https:\\\/\\\/letsfuture.pl\\\/#website\"},\"primaryImageOfPage\":{\"@id\":\"https:\\\/\\\/letsfuture.pl\\\/produkt\\\/mentoring-kariery\\\/#primaryimage\"},\"image\":{\"@id\":\"https:\\\/\\\/letsfuture.pl\\\/produkt\\\/mentoring-kariery\\\/#primaryimage\"},\"thumbnailUrl\":\"https:\\\/\\\/letsfuture.pl\\\/wp-content\\\/uploads\\\/2024\\\/04\\\/Mentoring-kariery.png\",\"datePublished\":\"2024-04-15T17:48:50+00:00\",\"breadcrumb\":{\"@id\":\"https:\\\/\\\/letsfuture.pl\\\/produkt\\\/mentoring-kariery\\\/#breadcrumb\"},\"inLanguage\":\"en-US\",\"potentialAction\":[{\"@type\":\"ReadAction\",\"target\":[\"https:\\\/\\\/letsfuture.pl\\\/produkt\\\/mentoring-kariery\\\/\"]}]},{\"@type\":\"ImageObject\",\"inLanguage\":\"en-US\",\"@id\":\"https:\\\/\\\/letsfuture.pl\\\/produkt\\\/mentoring-kariery\\\/#primaryimage\",\"url\":\"https:\\\/\\\/letsfuture.pl\\\/wp-content\\\/uploads\\\/2024\\\/04\\\/Mentoring-kariery.png\",\"contentUrl\":\"https:\\\/\\\/letsfuture.pl\\\/wp-content\\\/uploads\\\/2024\\\/04\\\/Mentoring-kariery.png\",\"width\":1080,\"height\":1080},{\"@type\":\"BreadcrumbList\",\"@id\":\"https:\\\/\\\/letsfuture.pl\\\/produkt\\\/mentoring-kariery\\\/#breadcrumb\",\"itemListElement\":[{\"@type\":\"ListItem\",\"position\":1,\"name\":\"Home\",\"item\":\"https:\\\/\\\/letsfuture.pl\\\/en\\\/\"},{\"@type\":\"ListItem\",\"position\":2,\"name\":\"Shop\",\"item\":\"https:\\\/\\\/letsfuture.pl\\\/en\\\/shop\\\/\"},{\"@type\":\"ListItem\",\"position\":3,\"name\":\"Career Mentoring\"}]},{\"@type\":\"WebSite\",\"@id\":\"https:\\\/\\\/letsfuture.pl\\\/#website\",\"url\":\"https:\\\/\\\/letsfuture.pl\\\/\",\"name\":\"Letsfuture\",\"description\":\"Empower your future\",\"potentialAction\":[{\"@type\":\"SearchAction\",\"target\":{\"@type\":\"EntryPoint\",\"urlTemplate\":\"https:\\\/\\\/letsfuture.pl\\\/?s={search_term_string}\"},\"query-input\":{\"@type\":\"PropertyValueSpecification\",\"valueRequired\":true,\"valueName\":\"search_term_string\"}}],\"inLanguage\":\"en-US\"}]}<\/script>\n<!-- \/ Yoast SEO plugin. -->","yoast_head_json":{"title":"Career Mentoring - Letsfuture","robots":{"index":"index","follow":"follow","max-snippet":"max-snippet:-1","max-image-preview":"max-image-preview:large","max-video-preview":"max-video-preview:-1"},"canonical":"https:\/\/letsfuture.pl\/produkt\/mentoring-kariery\/","og_locale":"en_US","og_type":"article","og_title":"Career Mentoring - Letsfuture","og_description":"Mentor kariery skupia si\u0119 w procesie na pracy z Tob\u0105 nad Twoim celem zawodowym. Cel ten mo\u017ce by\u0107 dla ka\u017cdego inny. Mo\u017ce to by\u0107 przygotowanie do zmiany kariery, zbudowanie i rozw\u00f3j kariery na obecnej \u015bcie\u017cce, rozw\u00f3j kariery o nowe kompetencje (eksperckie, menad\u017cerskie, w prowadzeniu w\u0142asnej firmy). To jest Tw\u00f3j cel i Twoja droga, a mentor b\u0119dzie dla ciebie jak GPS, kt\u00f3ry ze wzgl\u0119du na swoje do\u015bwiadczenia podzieli si\u0119 konsekwencjami swoich wybor\u00f3w, decyzji. Ale to ty zdecydujesz, co jest dla ciebie najlepsze i w zgodzie z Tob\u0105. Mentor poma\u017ce zweryfikowa\u0107 Twoje cel\u00f3w zawodowe, zaplanowa\u0107 dalsze kroki i om\u00f3wi z Tob\u0105 mo\u017cliwe ryzyka i przeszkody na drodze do sukcesu zawodowego. Mentor mo\u017ce wspiera\u0107 w zakresie rozwoju umiej\u0119tno\u015bci lidera oraz budowania sieci kontakt\u00f3w zawodowych. Chcesz \u015bwiadomie, w zgodzie z Twoimi warto\u015bciami rozwija\u0107 swoj\u0105 karier\u0119, rozmawiaj z mentorem o swoich predyspozycjach, przekonaniach, warto\u015bciach, przeszkodach. Um\u00f3w si\u0119 na bezp\u0142atn\u0105 konsultacj\u0119 Ewa Drozd","og_url":"https:\/\/letsfuture.pl\/produkt\/mentoring-kariery\/","og_site_name":"Letsfuture","og_image":[{"width":1080,"height":1080,"url":"https:\/\/letsfuture.pl\/wp-content\/uploads\/2024\/04\/Mentoring-kariery.png","type":"image\/png"}],"twitter_card":"summary_large_image","schema":{"@context":"https:\/\/schema.org","@graph":[{"@type":"WebPage","@id":"https:\/\/letsfuture.pl\/produkt\/mentoring-kariery\/","url":"https:\/\/letsfuture.pl\/produkt\/mentoring-kariery\/","name":"Career Mentoring - Letsfuture","isPartOf":{"@id":"https:\/\/letsfuture.pl\/#website"},"primaryImageOfPage":{"@id":"https:\/\/letsfuture.pl\/produkt\/mentoring-kariery\/#primaryimage"},"image":{"@id":"https:\/\/letsfuture.pl\/produkt\/mentoring-kariery\/#primaryimage"},"thumbnailUrl":"https:\/\/letsfuture.pl\/wp-content\/uploads\/2024\/04\/Mentoring-kariery.png","datePublished":"2024-04-15T17:48:50+00:00","breadcrumb":{"@id":"https:\/\/letsfuture.pl\/produkt\/mentoring-kariery\/#breadcrumb"},"inLanguage":"en-US","potentialAction":[{"@type":"ReadAction","target":["https:\/\/letsfuture.pl\/produkt\/mentoring-kariery\/"]}]},{"@type":"ImageObject","inLanguage":"en-US","@id":"https:\/\/letsfuture.pl\/produkt\/mentoring-kariery\/#primaryimage","url":"https:\/\/letsfuture.pl\/wp-content\/uploads\/2024\/04\/Mentoring-kariery.png","contentUrl":"https:\/\/letsfuture.pl\/wp-content\/uploads\/2024\/04\/Mentoring-kariery.png","width":1080,"height":1080},{"@type":"BreadcrumbList","@id":"https:\/\/letsfuture.pl\/produkt\/mentoring-kariery\/#breadcrumb","itemListElement":[{"@type":"ListItem","position":1,"name":"Home","item":"https:\/\/letsfuture.pl\/en\/"},{"@type":"ListItem","position":2,"name":"Shop","item":"https:\/\/letsfuture.pl\/en\/shop\/"},{"@type":"ListItem","position":3,"name":"Career Mentoring"}]},{"@type":"WebSite","@id":"https:\/\/letsfuture.pl\/#website","url":"https:\/\/letsfuture.pl\/","name":"Letsfuture","description":"Empower your future","potentialAction":[{"@type":"SearchAction","target":{"@type":"EntryPoint","urlTemplate":"https:\/\/letsfuture.pl\/?s={search_term_string}"},"query-input":{"@type":"PropertyValueSpecification","valueRequired":true,"valueName":"search_term_string"}}],"inLanguage":"en-US"}]}},"_links":{"self":[{"href":"https:\/\/letsfuture.pl\/en\/wp-json\/wp\/v2\/product\/512","targetHints":{"allow":["GET"]}}],"collection":[{"href":"https:\/\/letsfuture.pl\/en\/wp-json\/wp\/v2\/product"}],"about":[{"href":"https:\/\/letsfuture.pl\/en\/wp-json\/wp\/v2\/types\/product"}],"wp:featuredmedia":[{"embeddable":true,"href":"https:\/\/letsfuture.pl\/en\/wp-json\/wp\/v2\/media\/449"}],"wp:attachment":[{"href":"https:\/\/letsfuture.pl\/en\/wp-json\/wp\/v2\/media?parent=512"}],"wp:term":[{"taxonomy":"product_brand","embeddable":true,"href":"https:\/\/letsfuture.pl\/en\/wp-json\/wp\/v2\/product_brand?post=512"},{"taxonomy":"product_cat","embeddable":true,"href":"https:\/\/letsfuture.pl\/en\/wp-json\/wp\/v2\/product_cat?post=512"},{"taxonomy":"product_tag","embeddable":true,"href":"https:\/\/letsfuture.pl\/en\/wp-json\/wp\/v2\/product_tag?post=512"}],"curies":[{"name":"wp","href":"https:\/\/api.w.org\/{rel}","templated":true}]}}