{"id":483,"date":"2024-04-15T18:04:28","date_gmt":"2024-04-15T16:04:28","guid":{"rendered":"http:\/\/letsfuture.pl\/polityka-prywatnosci-rodo\/"},"modified":"2024-04-15T18:04:28","modified_gmt":"2024-04-15T16:04:28","slug":"polityka-prywatnosci-rodo","status":"publish","type":"page","link":"https:\/\/letsfuture.pl\/en\/polityka-prywatnosci-rodo\/","title":{"rendered":"Polityka prywatno\u015bci RODO"},"content":{"rendered":"\n<div class=\"row\"  id=\"row-1662117675\">\n\n\n\t<div id=\"col-124200508\" class=\"col small-12 large-12\"  >\n\t\t\t\t<div class=\"col-inner\"  >\n\t\t\t\n\t\t\t\n\n<p style=\"text-align: center;\"><strong>www.letsfuture.pl ostatnia aktualizacja:15 kwietnia 2024 <\/strong><\/p>\n<p style=\"text-align: center;\"><strong>POLITYKA PRYWATNO\u015aCI DANYCH OSOBOWYCH (RODO) <\/strong><\/p>\n<p style=\"text-align: center;\"><strong>www.letsfuture.pl <\/strong><\/p>\n<p style=\"text-align: center;\"><strong>Obowi\u0105zuje od 15 kwietnia 2024 r. <\/strong><\/p>\n<ul>\n<li><b>1  <\/b><\/li>\n<\/ul>\n<p><b>To\u017csamo\u015b\u0107 administratora danych <\/b><\/p>\n<ol>\n<li>Administratorem danych osobowych podawanych w trakcie korzystania ze Serwisu i\/lub Sklepu online prowadzonego pod nazw\u0105 <b>www.letsfuture.pl <\/b>jest <b>DROZD EWA <\/b>prowadz\u0105ca dzia\u0142alnos\u0301c\u0301 pod nazw\u0105 LETSFUTURE DROZD EWA, ul. Pu\u0142awska 465, 02-844 Warszawa, NIP: 644 211 08 23, REGON: 276532668, adres e-mail: sklep@letsfuture.pl, telefon: +48 788 640 234. <\/li>\n<li>Dane przetwarzane s\u0105 zgodnie z aktualnie obowi\u0105zuj\u0105cymi przepisami prawa; tj. Rozporz\u0105dzeniem Parlamentu Europejskiego i Rady UE 2016\/679 z 27 kwietnia 2016 r. w sprawie ochrony os\u00f3b fizycznych w zwi\u0105zku z przetwarzaniem danych osobowych i w sprawie swobodnego przep\u0142ywu takich danych oraz uchylenia dyrektywy 95\/46\/WE (dalej: RODO), ustaw\u0105 z dnia 10 maja 2018 r. o ochronie danych, a tak\u017ce ustaw\u0105 z 18 lipca 2002 r. o s\u0301wiadczeniu us\u0142ug drog\u0105 elektroniczn\u0105. <\/li>\n<li>Poni\u017csza Polityka Prywatnos\u0301ci obejmuje zasady przetwarzania danych U\u017cytkownik\u00f3w Strony, a tak\u017ce os\u00f3b zawieraj\u0105cych umowy z Administratorem danych, w tym zwi\u0105zanych z realizacj\u0105 Zam\u00f3wienia w Sklepie internetowym, a tak\u017ce danych gromadzonych poprzez kontakt z Administratorem danych (adres e-mail lub telefonicznie) lub korespondencj\u0119 tradycyjn\u0105, jak i os\u00f3b, kt\u00f3re lubi\u0105 i\/lub obserwuj\u0105 fanpage Administratora w mediach spo\u0142ecznos\u0301ciowych, jes\u0301li prowadzi. <\/li>\n<\/ol>\n<ul>\n<li><b>2  <\/b><\/li>\n<\/ul>\n<p><b>Stosowane definicje <\/b><\/p>\n<ol>\n<li>W niniejszej polityce stosuje si\u0119 nast\u0119puj\u0105ce definicje: <\/li>\n<li>a) <b>Serwis\/Sklep <\/b>&#8211; serwis internetowy dost\u0119pny pod adresem www.letsfuture.pl za pos\u0301rednictwem kt\u00f3rego U\u017cytkownik mo\u017ce: przegl\u0105dac\u0301 jego zawartos\u0301c\u0301, kontaktowac\u0301 si\u0119 z administratorem danych, sk\u0142adac\u0301 zam\u00f3wienia na produkty i towary, zam\u00f3wic\u0301 informacje handlowe i marketingowe, um\u00f3wic\u0301 si\u0119 na konsultacj\u0119\/coaching\/mentoring lub wizyt\u0119. <\/li>\n<li>b) <b>Administrator danych osobowych <\/b>&#8211; podmiot, kt\u00f3ry decyduje o celu i s\u0301rodkach przetwarzania danych, w niniejszej polityce rozumie si\u0119 przez to: DROZD EWA prowadz\u0105ca dzia\u0142alnos\u0301c\u0301 pod nazw\u0105 LETSFUTURE DROZD EWA, ul. Pu\u0142awska 465, 02-844 Warszawa, NIP: 644 211 08 23, REGON: 276532668, adres e-mail: sklep@letsfuture.pl, telefon: +48 788 640 234. <\/li>\n<li>c) <b>U\u017cytkownik <\/b>&#8211; osoba fizyczna, kt\u00f3rej dane dotycz\u0105 i kt\u00f3ra korzysta z us\u0142ug dost\u0119pnych w Serwisie\/Sklepie. <\/li>\n<li>d) <b>Dane osobowe <\/b>&#8211; wszelkie informacje, kt\u00f3re bez nadmiernego czasu i kosztu mog\u0105 doprowadzic\u0301 do identyfikacji osoby fizycznej, w tym jej dane identyfikacyjne, adresowe i kontaktowe.<\/li>\n<\/ol>\n<p>Strona 1 z 5 <\/p>\n<p>www.letsfuture.pl ostatnia aktualizacja:15 kwietnia 2024 <\/p>\n<ol>\n<li>e) <b>Pa\u0144stwa trzecie <\/b>&#8211; pa\u0144stwa poza Europejskim Obszarem Gospodarczym (EOG). <\/li>\n<\/ol>\n<ul>\n<li><b>3  <\/b><\/li>\n<\/ul>\n<p><b>Cele przetwarzania danych osobowych <\/b><\/p>\n<ol>\n<li>Administrator Danych Osobowych przetwarza dane osobowe wy\u0142\u0105cznie, gdy jest to dopuszczone aktualnie obowi\u0105zuj\u0105cymi przepisami prawa, w tym w celu: <\/li>\n<li>a) przygotowania i realizacji zawartej umowy sprzeda\u017cy, w tym zawarcia umowy na odleg\u0142os\u0301c\u0301 za pos\u0301rednictwem sklepu internetowego, kt\u00f3rej osoba jest stron\u0105, a tak\u017ce realizacji uprawnie\u0144 z niej wynikaj\u0105cych, a przetwarzanie to odbywa si\u0119 na podstawie art. 6 ust. 1 lit b) RODO, <\/li>\n<li>b) udokumentowania realizacji um\u00f3w, w tym wystawienia rachunku lub faktury dla osoby fizycznej, prowadzenia dokumentacji ksi\u0119gowej i podatkowej, na podstawie art. 6 ust. 1 lit. c) RODO, tj. w celu wykonania obowi\u0105zk\u00f3w prawnych ci\u0105\u017c\u0105cych na Administratorze danych osobowych, na podstawie art. 70 ustawy z dnia 29 sierpnia 1997 r. Ordynacja podatkowa, <\/li>\n<li>c) podj\u0119cia dzia\u0142a\u0144 na \u017c\u0105danie osoby, kt\u00f3rej dane dotycz\u0105, w tym udzielenia odpowiedzi na pytania zadane poprzez s\u0301rodki komunikacji elektronicznej lub w celu obs\u0142ugi korespondencji tradycyjnej, a przetwarzanie to odbywa si\u0119 na podstawie art. 6 ust. 1 lit b) RODO, <\/li>\n<li>d) wysy\u0142ania zam\u00f3wionych informacji marketingowych drog\u0105 elektroniczn\u0105 (newsletter) na podany przez U\u017cytkownika adres e-mail w tym celu, a przetwarzanie to odbywa si\u0119 na podstawie art. 6 ust. 1 lit a) RODO, tj. zgody osoby, kt\u00f3rej dane dotycz\u0105, <\/li>\n<li>e) rejestracji i za\u0142o\u017cenia Konta w Sklepie, a przetwarzanie to odbywa si\u0119 na podstawie 6 ust. 1 lit a) RODO, tj. zgody osoby, kt\u00f3rej dane dotycz\u0105, <\/li>\n<li>f) marketingu w\u0142asnych produkt\u00f3w i us\u0142ug Administratora danych drog\u0105 tradycyjn\u0105, na podstawie art. 6 ust. 1 lit. f) RODO, tj. w celu realizacji prawnie uzasadnionych interes\u00f3w administratora danych lub osoby, kt\u00f3rej dane dotycz\u0105, <\/li>\n<li>g) w celu wys\u0142ania maila z pros\u0301b\u0105 o ocen\u0119 Sklepu i\/lub Towaru\/Produktu odbywa si\u0119 na podstawie art. 6 ust. 1 lit f) RODO, a przetwarzanie to odbywa si\u0119 w usprawiedliwionym celu administratora danych (Sprzedawcy), kt\u00f3rym jest doskonalenie oferty i\/lub Towaru\/Produktu i\/lub Sklepu poprzez gromadzenie rzetelnych opinii o nich przez w\u0142as\u0301ciciela Sklepu, <\/li>\n<li>h) wys\u0142ania zapytania o udzielenie opinii o us\u0142ugach i towarach\/produktach Administratora danych przez zewn\u0119trzne serwisy badania satysfakcji, za zgod\u0105 osoby, kt\u00f3rej dane dotycz\u0105, tj. na podstawie art. 6 ust. 1 lit a) RODO. <\/li>\n<li>i) dochodzenia praw i roszcze\u0144 przez Administratora danych lub osob\u0119, kt\u00f3rej dane dotycz\u0105, na podstawie art. 6 ust. 1 lit f) RODO i odbywa si\u0119 w prawnie usprawiedliwionym celu. <\/li>\n<li>Podanie danych osobowych jest niezb\u0119dne w celu realizacji umowy zawartej na odleg\u0142os\u0301c\u0301, w tym wysy\u0142ki towaru lub udost\u0119pnienia produktu cyfrowego i wystawienia dokumentu ksi\u0119gowego, dochodzenia roszcze\u0144, a tak\u017ce udzielenia odpowiedzi na pytania. Podanie danych osobowych w pozosta\u0142ym zakresie jest dobrowolne.<\/li>\n<\/ol>\n<p>Strona 2 z 5 <\/p>\n<p>www.letsfuture.pl ostatnia aktualizacja:15 kwietnia 2024 <\/p>\n<ol start=\"3\">\n<li>Brak podania wymaganych danych uniemo\u017cliwia realizacj\u0119 umowy zawartej na odleg\u0142os\u0301c\u0301, wystawienie rachunku lub faktury lub podj\u0119cie kontaktu na \u017c\u0105danie osoby, kt\u00f3rej dane dotycz\u0105. <\/li>\n<\/ol>\n<ul>\n<li><b>4  <\/b><\/li>\n<\/ul>\n<p><b>Sposoby pozyskiwania danych <\/b><\/p>\n<ol>\n<li>Dane osobowe U\u017cytkownika gromadzone s\u0105 bezpos\u0301rednio od os\u00f3b, kt\u00f3rych dane dotycz\u0105, tj. poprzez: <\/li>\n<li>a) wype\u0142nienie formularza z danymi kontaktowymi podczas sk\u0142adania zapytania przez formularz na stronie, <\/li>\n<li>b) wype\u0142nienie formularza zapisu na newsletter, <\/li>\n<li>c) wype\u0142nienie formularza zam\u00f3wienia w sklepie-online, <\/li>\n<li>d) rejestracja konta w Serwisie, <\/li>\n<li>e) podanie danych do przygotowania i zawarcia umowy, <\/li>\n<li>f) bezpos\u0301redni kontakt z administratorem danych za pomoc\u0105 danych teleadresowych dost\u0119pnych na stronie lub w formie tradycyjnej w miejscu prowadzenia dzia\u0142alnos\u0301ci. <\/li>\n<\/ol>\n<ul>\n<li><b>5  <\/b><\/li>\n<\/ul>\n<p><b>Zakres przetwarzanych danych <\/b><\/p>\n<ol>\n<li>Zakres przetwarzanych danych osobowych zosta\u0142 ograniczony do minimum niezb\u0119dnego do s\u0301wiadczenia us\u0142ug w zakresie: <\/li>\n<li>a) z\u0142o\u017cenia zapytania przez formularz kontaktowy lub za pomoc\u0105 danych teleadresowych dost\u0119pnych na stronie: adres e-mail numer telefonu, adres poczty elektronicznej, imi\u0119, ewentualne inne dane podane dobrowolnie przez osob\u0119, kt\u00f3rej dane dotycz\u0105, <\/li>\n<li>b) dokonania zapisu na newsletter: imi\u0119, adres e-mail, opcjonalnie telefonu, c) z\u0142o\u017cenia zam\u00f3wienia w sklepie online: imi\u0119 i nazwisko, adres e-mail, numer telefonu, adres dostawy, ewentualnie adres punktu odbioru, <\/li>\n<li>d) rejestracji konta w Serwisie lub sklepie online: imi\u0119 i nazwisko, adres e-mail, has\u0142o, login, e) wystawienia rachunku lub faktury: imi\u0119 i nazwisko lub nazwa podmiotu, adres siedziby, NIP, <\/li>\n<\/ol>\n<ul>\n<li><b>6  <\/b><\/li>\n<\/ul>\n<p><b>Okres przetwarzania danych <\/b><\/p>\n<ol>\n<li>Okres przetwarzania danych jest uzale\u017cniony od celu, dla kt\u00f3rego dane zosta\u0142y zebrane i wynosi w celu: <\/li>\n<li>a) zawarcia i realizacja umowy sprzeda\u017cy, w tym sprzeda\u017cy na odleg\u0142os\u0301c\u0301 &#8211; przez okres niezb\u0119dny do udokumentowania wykonanej umowy, w tym wystawienia rachunku lub faktury &#8211; 5 lat, licz\u0105c od ko\u0144ca roku kalendarzowego, w kt\u00f3rym up\u0142yn\u0105\u0142 termin p\u0142atnos\u0301ci podatku, na podstawie art. 112 ustawy z dnia 11 marca 2004 r. o podatku od towar\u00f3w i us\u0142ug, w zwi\u0105zku z art. 70 ustawy z dnia 29 sierpnia 1997 r. &#8211; Ordynacja podatkowa, <\/li>\n<li>b) w celu wysy\u0142ania informacji handlowych drog\u0105 elektroniczn\u0105 (newsletter) i\/lub za\u0142o\u017cenia Konta w Sklepie\/wysy\u0142ania zapytania o opini\u0119 przez zewn\u0119trzne serwisy badania<\/li>\n<\/ol>\n<p>Strona 3 z 5 <\/p>\n<p>www.letsfuture.pl ostatnia aktualizacja:15 kwietnia 2024 <\/p>\n<p>satysfakcji &#8211; do czasu odwo\u0142ania zgody, bez wp\u0142ywu na zgodnos\u0301c\u0301 przetwarzania, kt\u00f3rego dokonano przed jej odwo\u0142aniem, <\/p>\n<ol>\n<li>c) przez okres niezb\u0119dny do udzielenia odpowiedzi na pytanie zadane przez formularz kontaktowy lub drog\u0105 telefoniczn\u0105, ale nie d\u0142u\u017cej ni\u017c przez 6 miesi\u0119cy, o ile osoba nie zdecyduje si\u0119 zawrzec\u0301 umowy z Administratorem danych osobowych, <\/li>\n<li>d) w celu dochodzenia roszcze\u0144, na podstawie ustawy z art. 118 ustawy z dnia 23 kwietnia 1964 r. &#8211; Kodeks cywilny. Je\u017celi przepis szczeg\u00f3lny nie stanowi inaczej, termin przedawnienia wynosi szes\u0301c\u0301 lat, a dla roszcze\u0144 o s\u0301wiadczenia okresowe oraz roszcze\u0144 zwi\u0105zanych z prowadzeniem dzia\u0142alnos\u0301ci gospodarczej \u2013 trzy lata. <\/li>\n<\/ol>\n<ul>\n<li><b>7  <\/b><\/li>\n<\/ul>\n<p><b>Odbiorcy danych <\/b><\/p>\n<ol>\n<li>Dane osobowe U\u017cytkownika mog\u0105 zostac\u0301 powierzone innym podmiotom w celu wykonania us\u0142ug na zlecenie administratora danych, w szczeg\u00f3lnos\u0301ci podmiotom w zakresie: a) hostingu strony www, <\/li>\n<li>b) serwisu i utrzymania system\u00f3w informatycznych, w kt\u00f3rych dane s\u0105 przetwarzane, w tym w celu automatyzacji newslettera, wystawiania faktur, obs\u0142ugi zam\u00f3wie\u0144, systemu p\u0142atnos\u0301ci etc., <\/li>\n<li>c) prowadzenia obs\u0142ugi ksi\u0119gowej, <\/li>\n<li>d) prowadzenia obs\u0142ugi biurowej, <\/li>\n<li>e) brokera us\u0142ug kurierskich, <\/li>\n<li>f) obs\u0142ugi logistycznej zam\u00f3wie\u0144. <\/li>\n<li>Dane osobowe U\u017cytkownika mog\u0105 zostac\u0301 tak\u017ce udost\u0119pnione podmiotom wspieraj\u0105cym administratora danych, w tym podmiotom realizuj\u0105cym us\u0142ugi kurierskie i pocztowe, obs\u0142ug\u0119 p\u0142atnos\u0301ci online. <\/li>\n<li>Dane osobowe U\u017cytkownika mog\u0105 byc\u0301 na potrzeby realizacji zam\u00f3wienia przekazywane do pa\u0144stw trzecich, ani organizacji mi\u0119dzynarodowych. <\/li>\n<li>Dane osobowe U\u017cytkownika b\u0119d\u0105 przetwarzane przez dostawc\u00f3w, kt\u00f3rych siedziby i\/lub serwery s\u0105 zlokalizowane w pa\u0144stwie trzecim, tj. na terenie Stan\u00f3w Zjednoczonych Ameryki (USA). Przekazanie danych do USA odbywa si\u0119 na podstawie decyzji Komisji Europejskiej z 10 lipca 2023 r. stwierdzaj odpowiedni stopie\u0144 ochrony danych osobowych zapewniony przez tzw. &#8220;Ramy ochrony danych UE-USA\u201d (EU-US Data Privacy Framework) w stosunku do dostawc\u00f3w wpisanych na list\u0119 departamentu handlu USA, jak: <b>Google LLC. 1600 Amphitheatre Parkway <\/b><b>Mountain View, CA 94043, USA; Meta Platforms, Inc., Menlo Park, California, USA, <\/b><b>Gallup, Inc., 901 F Street, NW, Washington, D.C., 20004, U.S.A. and its subsidiaries and<\/b> <b>affiliates.<\/b><b><\/b><\/li>\n<\/ol>\n<ul>\n<li><b>9  <\/b><\/li>\n<\/ul>\n<p><b>Prawa os\u00f3b, kt\u00f3rych dane dotycz\u0105 <\/b><\/p>\n<ol>\n<li>Osobom, kt\u00f3rych dane dotycz\u0105 przys\u0142uguje prawo:<\/li>\n<\/ol>\n<p>Strona 4 z 5 <\/p>\n<p>www.letsfuture.pl ostatnia aktualizacja:15 kwietnia 2024 <\/p>\n<p>&#8211; dost\u0119pu do tres\u0301ci danych osobowych, w tym otrzymania bezp\u0142atnie pierwszej kopii tres\u0301ci danych osobowych, <\/p>\n<p>&#8211; do poprawiania danych, <\/p>\n<p>&#8211; prawo do usuni\u0119cia danych, o ile nie obowi\u0105zuj\u0105 inne przepisy prawa, kt\u00f3re zobowi\u0105zuj\u0105 administratora danych do archiwizacji danych przez okres\u0301lony czas, <\/p>\n<p>&#8211; prawo do przenoszenia danych, o ile podstaw\u0105 przetwarzania danych jest umowa lub zgoda osoby, kt\u00f3rej dane dotycz\u0105, a przetwarzanie danych odbywa si\u0119 w spos\u00f3b automatyczny, <\/p>\n<p>&#8211; do odwo\u0142ania zgody na przetwarzanie danych osobowych &#8211; jes\u0301li podstaw\u0105 tego przetwarzania by\u0142a zgoda osoby, kt\u00f3rej dane dotycz\u0105. Odwo\u0142anie zgody nie ma wp\u0142ywu na zgodnos\u0301c\u0301 przetwarzania, kt\u00f3rego dokonano przed jej wycofaniem, <\/p>\n<p>&#8211; do wniesienia sprzeciwu na przetwarzanie danych \u2013 z przyczyn zwi\u0105zanych ze szczeg\u00f3ln\u0105 sytuacj\u0105 wobec przetwarzania dotycz\u0105cych danych osobowych opartego na art. 6 ust. 1 lit. e) lub f) RODO, a tak\u017ce prawo do ograniczenia przetwarzania, <\/p>\n<p>&#8211; prawo do niepodlegania automatycznemu profilowaniu, jes\u0301li administrator danych podejmowa\u0142by decyzje opieraj\u0105ce si\u0119 wy\u0142\u0105cznie na automatycznym profilowaniu i nios\u0105ce ze sob\u0105 skutki prawne dla osoby, kt\u00f3rej dane dotycz\u0105 lub podobnie na ni\u0105 wp\u0142ywa\u0142y, <\/p>\n<p>&#8211; prawo do kontroli przetwarzania danych i informacji na temat tego, kto jest administratorem danych, a tak\u017ce uzyskania informacji o celu, zakresie i sposobie przetwarzania danych, tres\u0301ci tych danych, \u017ar\u00f3dle danych, a tak\u017ce sposobie udost\u0119pniania, w tym o odbiorcach lub kategoriach odbiorc\u00f3w danych, <\/p>\n<ol start=\"2\">\n<li>W celu realizacji prawa do informacji, dost\u0119pu do tres\u0301ci danych, ich poprawiania, a tak\u017ce innych praw, mo\u017cna skontaktowac\u0301 si\u0119 z Administratorem danych. <\/li>\n<li>Osoba, kt\u00f3rej dane dotycz\u0105 ma tak\u017ce prawo do wniesienia skargi do Urz\u0119du Ochrony Danych Osobowych (UODO), jes\u0301li przetwarzanie danych narusza przepisy Og\u00f3lnego rozporz\u0105dzania o ochronie danych osobowych (RODO). Skarga mo\u017ce zostac\u0301 wniesiona w formie elektronicznej lub tradycyjnej na adres: Urz\u0105d Ochrony Danych Osobowych, ul. Stawki 2, 00-193 Warszawa. <\/li>\n<\/ol>\n<ul>\n<li><b>10  <\/b><\/li>\n<\/ul>\n<p><b>Postanowienia ko\u0144cowe <\/b><\/p>\n<p>W przypadku zmiany obowi\u0105zuj\u0105cej polityki prywatnos\u0301ci, w szczeg\u00f3lnos\u0301ci gdy b\u0119d\u0105 tego wymaga\u0142y zastosowane rozwi\u0105zania techniczne lub miany przepis\u00f3w prawa w zakresie prywatnos\u0301ci os\u00f3b, kt\u00f3rych dane dotycz\u0105, wprowadzone zostan\u0105 odpowiednie modyfikacje do niniejszej Polityki Prywatnos\u0301ci, kt\u00f3re b\u0119d\u0105 obowi\u0105zywa\u0142y w ciagu 14 dni od ich opublikowania na stronie Serwisu\/Sklepu.<\/p>\n<p>Strona 5 z 5 <\/p>\n\n\t\t<\/div>\n\t\t\t\t\t<\/div>\n\n\t\n\n<\/div>\n\n","protected":false},"excerpt":{"rendered":"","protected":false},"author":1,"featured_media":0,"parent":0,"menu_order":0,"comment_status":"closed","ping_status":"closed","template":"page-blank.php","meta":{"footnotes":""},"class_list":["post-483","page","type-page","status-publish","hentry"],"yoast_head":"<!-- This site is optimized with the Yoast SEO plugin v27.6 - https:\/\/yoast.com\/product\/yoast-seo-wordpress\/ -->\n<title>Polityka prywatno\u015bci RODO - Letsfuture<\/title>\n<meta name=\"robots\" content=\"index, follow, max-snippet:-1, max-image-preview:large, max-video-preview:-1\" \/>\n<link rel=\"canonical\" href=\"https:\/\/letsfuture.pl\/polityka-prywatnosci-rodo\/\" \/>\n<meta property=\"og:locale\" content=\"en_US\" \/>\n<meta property=\"og:type\" content=\"article\" \/>\n<meta property=\"og:title\" content=\"Polityka prywatno\u015bci RODO - Letsfuture\" \/>\n<meta property=\"og:url\" content=\"https:\/\/letsfuture.pl\/polityka-prywatnosci-rodo\/\" \/>\n<meta property=\"og:site_name\" content=\"Letsfuture\" \/>\n<meta name=\"twitter:card\" content=\"summary_large_image\" \/>\n<meta name=\"twitter:label1\" content=\"Est. reading time\" \/>\n\t<meta name=\"twitter:data1\" content=\"10 minutes\" \/>\n<script type=\"application\/ld+json\" class=\"yoast-schema-graph\">{\"@context\":\"https:\\\/\\\/schema.org\",\"@graph\":[{\"@type\":\"WebPage\",\"@id\":\"https:\\\/\\\/letsfuture.pl\\\/polityka-prywatnosci-rodo\\\/\",\"url\":\"https:\\\/\\\/letsfuture.pl\\\/polityka-prywatnosci-rodo\\\/\",\"name\":\"Polityka prywatno\u015bci RODO - Letsfuture\",\"isPartOf\":{\"@id\":\"https:\\\/\\\/letsfuture.pl\\\/#website\"},\"datePublished\":\"2024-04-15T16:04:28+00:00\",\"breadcrumb\":{\"@id\":\"https:\\\/\\\/letsfuture.pl\\\/polityka-prywatnosci-rodo\\\/#breadcrumb\"},\"inLanguage\":\"en-US\",\"potentialAction\":[{\"@type\":\"ReadAction\",\"target\":[\"https:\\\/\\\/letsfuture.pl\\\/polityka-prywatnosci-rodo\\\/\"]}]},{\"@type\":\"BreadcrumbList\",\"@id\":\"https:\\\/\\\/letsfuture.pl\\\/polityka-prywatnosci-rodo\\\/#breadcrumb\",\"itemListElement\":[{\"@type\":\"ListItem\",\"position\":1,\"name\":\"Home\",\"item\":\"https:\\\/\\\/letsfuture.pl\\\/en\\\/\"},{\"@type\":\"ListItem\",\"position\":2,\"name\":\"Polityka prywatno\u015bci RODO\"}]},{\"@type\":\"WebSite\",\"@id\":\"https:\\\/\\\/letsfuture.pl\\\/#website\",\"url\":\"https:\\\/\\\/letsfuture.pl\\\/\",\"name\":\"Letsfuture\",\"description\":\"Empower your future\",\"potentialAction\":[{\"@type\":\"SearchAction\",\"target\":{\"@type\":\"EntryPoint\",\"urlTemplate\":\"https:\\\/\\\/letsfuture.pl\\\/?s={search_term_string}\"},\"query-input\":{\"@type\":\"PropertyValueSpecification\",\"valueRequired\":true,\"valueName\":\"search_term_string\"}}],\"inLanguage\":\"en-US\"}]}<\/script>\n<!-- \/ Yoast SEO plugin. -->","yoast_head_json":{"title":"Polityka prywatno\u015bci RODO - Letsfuture","robots":{"index":"index","follow":"follow","max-snippet":"max-snippet:-1","max-image-preview":"max-image-preview:large","max-video-preview":"max-video-preview:-1"},"canonical":"https:\/\/letsfuture.pl\/polityka-prywatnosci-rodo\/","og_locale":"en_US","og_type":"article","og_title":"Polityka prywatno\u015bci RODO - Letsfuture","og_url":"https:\/\/letsfuture.pl\/polityka-prywatnosci-rodo\/","og_site_name":"Letsfuture","twitter_card":"summary_large_image","twitter_misc":{"Est. reading time":"10 minutes"},"schema":{"@context":"https:\/\/schema.org","@graph":[{"@type":"WebPage","@id":"https:\/\/letsfuture.pl\/polityka-prywatnosci-rodo\/","url":"https:\/\/letsfuture.pl\/polityka-prywatnosci-rodo\/","name":"Polityka prywatno\u015bci RODO - Letsfuture","isPartOf":{"@id":"https:\/\/letsfuture.pl\/#website"},"datePublished":"2024-04-15T16:04:28+00:00","breadcrumb":{"@id":"https:\/\/letsfuture.pl\/polityka-prywatnosci-rodo\/#breadcrumb"},"inLanguage":"en-US","potentialAction":[{"@type":"ReadAction","target":["https:\/\/letsfuture.pl\/polityka-prywatnosci-rodo\/"]}]},{"@type":"BreadcrumbList","@id":"https:\/\/letsfuture.pl\/polityka-prywatnosci-rodo\/#breadcrumb","itemListElement":[{"@type":"ListItem","position":1,"name":"Home","item":"https:\/\/letsfuture.pl\/en\/"},{"@type":"ListItem","position":2,"name":"Polityka prywatno\u015bci RODO"}]},{"@type":"WebSite","@id":"https:\/\/letsfuture.pl\/#website","url":"https:\/\/letsfuture.pl\/","name":"Letsfuture","description":"Empower your future","potentialAction":[{"@type":"SearchAction","target":{"@type":"EntryPoint","urlTemplate":"https:\/\/letsfuture.pl\/?s={search_term_string}"},"query-input":{"@type":"PropertyValueSpecification","valueRequired":true,"valueName":"search_term_string"}}],"inLanguage":"en-US"}]}},"_links":{"self":[{"href":"https:\/\/letsfuture.pl\/en\/wp-json\/wp\/v2\/pages\/483","targetHints":{"allow":["GET"]}}],"collection":[{"href":"https:\/\/letsfuture.pl\/en\/wp-json\/wp\/v2\/pages"}],"about":[{"href":"https:\/\/letsfuture.pl\/en\/wp-json\/wp\/v2\/types\/page"}],"author":[{"embeddable":true,"href":"https:\/\/letsfuture.pl\/en\/wp-json\/wp\/v2\/users\/1"}],"replies":[{"embeddable":true,"href":"https:\/\/letsfuture.pl\/en\/wp-json\/wp\/v2\/comments?post=483"}],"version-history":[{"count":0,"href":"https:\/\/letsfuture.pl\/en\/wp-json\/wp\/v2\/pages\/483\/revisions"}],"wp:attachment":[{"href":"https:\/\/letsfuture.pl\/en\/wp-json\/wp\/v2\/media?parent=483"}],"curies":[{"name":"wp","href":"https:\/\/api.w.org\/{rel}","templated":true}]}}